{"id":19296,"date":"2025-12-04T14:37:25","date_gmt":"2025-12-04T06:37:25","guid":{"rendered":"https:\/\/dezsmt.com\/?post_type=product&#038;p=19296"},"modified":"2025-12-17T16:10:18","modified_gmt":"2025-12-17T08:10:18","slug":"wave-soldring-cooling-conveyor-2","status":"publish","type":"product","link":"https:\/\/dezsmt.com\/de\/product-center\/wave-soldring-cooling-conveyor-2\/","title":{"rendered":"Wellenl\u00f6tring-K\u00fchlf\u00f6rderer"},"content":{"rendered":"<h3><strong><b><img decoding=\"async\" class=\"alignnone size-medium wp-image-19461\" src=\"https:\/\/dezsmt.com\/wp-content\/uploads\/2025\/12\/2-300x300.png\" alt=\"\" width=\"300\" height=\"300\" title=\"\" srcset=\"https:\/\/dezsmt.com\/wp-content\/uploads\/2025\/12\/2-300x300.png 300w, https:\/\/dezsmt.com\/wp-content\/uploads\/2025\/12\/2-150x150.png 150w, https:\/\/dezsmt.com\/wp-content\/uploads\/2025\/12\/2-12x12.png 12w, https:\/\/dezsmt.com\/wp-content\/uploads\/2025\/12\/2-600x600.png 600w, https:\/\/dezsmt.com\/wp-content\/uploads\/2025\/12\/2-100x100.png 100w, https:\/\/dezsmt.com\/wp-content\/uploads\/2025\/12\/2.png 750w\" sizes=\"(max-width: 300px) 100vw, 300px\" \/><\/b><\/strong><\/h3>\n<h3><span class=\"ez-toc-section\" id=\"WAVE_SOLDRING_COOLING_CONVEYOR\"><\/span><strong><b>Wellenl\u00f6tring-K\u00fchlf\u00f6rderer<\/b><\/strong><span class=\"ez-toc-section-end\"><\/span><\/h3>\n<h3><span class=\"ez-toc-section\" id=\"Features\"><\/span><strong><b>Merkmale:<\/b><\/strong><span class=\"ez-toc-section-end\"><\/span><\/h3>\n<p>Einfach zu bedienender Geschwindigkeitsregler<\/p>\n<p>Kettentransportkonstruktion, hohe Tragf\u00e4higkeit und stabile Kraft\u00fcbertragung<\/p>\n<p>Optionaler rechteckiger Schwei\u00dfrahmen oder Aluminiumprofilrahmen<\/p>\n<p>Parallele und stufenlose manuelle Breitenverstellung (\u00fcber die Schraube lead).<\/p>\n<p>Einstellbare F\u00f6rdergeschwindigkeit und -h\u00f6he.<\/p>\n<p>Minimieren Sie den \u00dcbertragungsspalt zwischen den F\u00f6rderb\u00e4ndern.<\/p>\n<p>Sondermaschinengr\u00f6\u00dfen auf Anfrage erh\u00e4ltlich.<\/p>\n<h3><span class=\"ez-toc-section\" id=\"Technical_parameters\"><\/span><strong><b>Technische Parameter<\/b><\/strong><span class=\"ez-toc-section-end\"><\/span><\/h3>\n<p>Beschreibung: Diese Maschine dient der \u00dcbertragung der Leiterplatten aus dem Wellenl\u00f6tverfahren.<\/p>\n<p>Riemenart: Kette oder user-Anpassung<\/p>\n<p>F\u00f6rdergeschwindigkeit: 0,5\u201320 m\/min<\/p>\n<p>Stromversorgung: Wechselstrom 110 V oder 220 V; einphasig; Leistungsaufnahme: 100 VA<\/p>\n<p>F\u00f6rderh\u00f6he: 900 \u00b1 20 mm oder kundenspezifisch<\/p>\n<p>Transportrichtung: Von links nach rechts (LR) oder von rechts nach links (RL)<\/p>\n<table>\n<tbody>\n<tr>\n<td colspan=\"4\" width=\"568\">\n<h3 style=\"text-align: center;\"><span class=\"ez-toc-section\" id=\"Specification_Parameters\"><\/span>Spezifikationsparameter<span class=\"ez-toc-section-end\"><\/span><\/h3>\n<\/td>\n<\/tr>\n<tr>\n<td width=\"89\">\n<h4>Modell<\/h4>\n<\/td>\n<td width=\"135\">\n<h4>Leiterplattengr\u00f6\u00dfe (mm)<\/h4>\n<\/td>\n<td width=\"106\">\n<h4>Gewicht (kg)<\/h4>\n<\/td>\n<td width=\"236\">\n<h4>Abmessungen (L\u00e4nge*Breite*H\u00f6he mm)<\/h4>\n<\/td>\n<\/tr>\n<tr>\n<td width=\"89\">DEZ-S-BN<\/p>\n<p>&nbsp;<\/td>\n<td width=\"135\">50*50-445*350<\/p>\n<p>&nbsp;<\/td>\n<td width=\"106\">35<\/p>\n<p>&nbsp;<\/td>\n<td width=\"236\">800*600*750<\/p>\n<p>&nbsp;<\/td>\n<\/tr>\n<tr>\n<td width=\"89\">DEZ-M-BN<\/p>\n<p>&nbsp;<\/td>\n<td width=\"135\">50*50-530*460<\/p>\n<p>&nbsp;<\/td>\n<td width=\"106\">45<\/td>\n<td width=\"236\">800*700*750<\/td>\n<\/tr>\n<\/tbody>\n<\/table>","protected":false},"excerpt":{"rendered":"<p>Hochleistungs-Wellenl\u00f6tf\u00f6rderband | Kettenkonstruktion f\u00fcr stabilen Leiterplattentransport. Manuelle Breiten-\/H\u00f6hen-\/Geschwindigkeitseinstellung und optional geschwei\u00dfte oder Aluminiumrahmen. Konzipiert f\u00fcr zuverl\u00e4ssigen Einsatz in L\u00f6tanlagen mit hohem Durchsatz.<\/p>","protected":false},"featured_media":19352,"template":"","meta":{"_lmt_disableupdate":"no","_lmt_disable":"","site-sidebar-layout":"default","site-content-layout":"","ast-site-content-layout":"default","site-content-style":"default","site-sidebar-style":"default","ast-global-header-display":"","ast-banner-title-visibility":"","ast-main-header-display":"","ast-hfb-above-header-display":"","ast-hfb-below-header-display":"","ast-hfb-mobile-header-display":"","site-post-title":"","ast-breadcrumbs-content":"","ast-featured-img":"","footer-sml-layout":"","ast-disable-related-posts":"","theme-transparent-header-meta":"default","adv-header-id-meta":"","stick-header-meta":"default","header-above-stick-meta":"","header-main-stick-meta":"","header-below-stick-meta":"","astra-migrate-meta-layouts":"set","ast-page-background-enabled":"default","ast-page-background-meta":{"desktop":{"background-color":"","background-image":"","background-repeat":"repeat","background-position":"center center","background-size":"auto","background-attachment":"scroll","background-type":"","background-media":"","overlay-type":"","overlay-color":"","overlay-opacity":"","overlay-gradient":""},"tablet":{"background-color":"","background-image":"","background-repeat":"repeat","background-position":"center center","background-size":"auto","background-attachment":"scroll","background-type":"","background-media":"","overlay-type":"","overlay-color":"","overlay-opacity":"","overlay-gradient":""},"mobile":{"background-color":"","background-image":"","background-repeat":"repeat","background-position":"center center","background-size":"auto","background-attachment":"scroll","background-type":"","background-media":"","overlay-type":"","overlay-color":"","overlay-opacity":"","overlay-gradient":""}},"ast-content-background-meta":{"desktop":{"background-color":"var(--ast-global-color-5)","background-image":"","background-repeat":"repeat","background-position":"center center","background-size":"auto","background-attachment":"scroll","background-type":"","background-media":"","overlay-type":"","overlay-color":"","overlay-opacity":"","overlay-gradient":""},"tablet":{"background-color":"var(--ast-global-color-5)","background-image":"","background-repeat":"repeat","background-position":"center center","background-size":"auto","background-attachment":"scroll","background-type":"","background-media":"","overlay-type":"","overlay-color":"","overlay-opacity":"","overlay-gradient":""},"mobile":{"background-color":"var(--ast-global-color-5)","background-image":"","background-repeat":"repeat","background-position":"center center","background-size":"auto","background-attachment":"scroll","background-type":"","background-media":"","overlay-type":"","overlay-color":"","overlay-opacity":"","overlay-gradient":""}}},"product_brand":[],"product_cat":[113],"product_tag":[],"class_list":{"0":"post-19296","1":"product","2":"type-product","3":"status-publish","4":"has-post-thumbnail","6":"product_cat-smt-handling-machine","7":"desktop-align-left","8":"tablet-align-left","9":"mobile-align-left","10":"ast-product-gallery-layout-horizontal-slider","11":"ast-product-gallery-with-no-image","12":"ast-product-tabs-layout-horizontal","14":"first","15":"instock","16":"shipping-taxable","17":"product-type-simple"},"_links":{"self":[{"href":"https:\/\/dezsmt.com\/de\/wp-json\/wp\/v2\/product\/19296","targetHints":{"allow":["GET"]}}],"collection":[{"href":"https:\/\/dezsmt.com\/de\/wp-json\/wp\/v2\/product"}],"about":[{"href":"https:\/\/dezsmt.com\/de\/wp-json\/wp\/v2\/types\/product"}],"version-history":[{"count":6,"href":"https:\/\/dezsmt.com\/de\/wp-json\/wp\/v2\/product\/19296\/revisions"}],"predecessor-version":[{"id":19469,"href":"https:\/\/dezsmt.com\/de\/wp-json\/wp\/v2\/product\/19296\/revisions\/19469"}],"wp:featuredmedia":[{"embeddable":true,"href":"https:\/\/dezsmt.com\/de\/wp-json\/wp\/v2\/media\/19352"}],"wp:attachment":[{"href":"https:\/\/dezsmt.com\/de\/wp-json\/wp\/v2\/media?parent=19296"}],"wp:term":[{"taxonomy":"product_brand","embeddable":true,"href":"https:\/\/dezsmt.com\/de\/wp-json\/wp\/v2\/product_brand?post=19296"},{"taxonomy":"product_cat","embeddable":true,"href":"https:\/\/dezsmt.com\/de\/wp-json\/wp\/v2\/product_cat?post=19296"},{"taxonomy":"product_tag","embeddable":true,"href":"https:\/\/dezsmt.com\/de\/wp-json\/wp\/v2\/product_tag?post=19296"}],"curies":[{"name":"wp","href":"https:\/\/api.w.org\/{rel}","templated":true}]}}