{"id":19288,"date":"2025-12-04T14:40:13","date_gmt":"2025-12-04T06:40:13","guid":{"rendered":"https:\/\/dezsmt.com\/?post_type=product&#038;p=19288"},"modified":"2025-12-17T16:07:00","modified_gmt":"2025-12-17T08:07:00","slug":"l-type-unloader","status":"publish","type":"product","link":"https:\/\/dezsmt.com\/de\/product-center\/l-type-unloader\/","title":{"rendered":"L-TYP-ENTLADER"},"content":{"rendered":"<h3><strong><b><img decoding=\"async\" class=\"alignnone size-medium wp-image-19461\" src=\"https:\/\/dezsmt.com\/wp-content\/uploads\/2025\/12\/2-300x300.png\" alt=\"\" width=\"300\" height=\"300\" title=\"\" srcset=\"https:\/\/dezsmt.com\/wp-content\/uploads\/2025\/12\/2-300x300.png 300w, https:\/\/dezsmt.com\/wp-content\/uploads\/2025\/12\/2-150x150.png 150w, https:\/\/dezsmt.com\/wp-content\/uploads\/2025\/12\/2-12x12.png 12w, https:\/\/dezsmt.com\/wp-content\/uploads\/2025\/12\/2-600x600.png 600w, https:\/\/dezsmt.com\/wp-content\/uploads\/2025\/12\/2-100x100.png 100w, https:\/\/dezsmt.com\/wp-content\/uploads\/2025\/12\/2.png 750w\" sizes=\"(max-width: 300px) 100vw, 300px\" \/><\/b><\/strong><\/h3>\n<h3><span class=\"ez-toc-section\" id=\"L_TYPE_UNLOADER\"><\/span><strong><b>L-TYP-ENTLADER<\/b><\/strong><span class=\"ez-toc-section-end\"><\/span><\/h3>\n<h3><span class=\"ez-toc-section\" id=\"Features\"><\/span><strong><b>Merkmale:<\/b><\/strong><span class=\"ez-toc-section-end\"><\/span><\/h3>\n<p>Der L-f\u00f6rmige Lader ist in einem 90-Grad-Winkel (L-f\u00f6rmig) angeordnet und steht R\u00fccken an R\u00fccken an der Ecke der Werkstatt. Dadurch wird der oft ungenutzte Eckraum optimal ausgenutzt.<\/p>\n<p>Zwei Bedienfelder stehen zur Auswahl: Ein einfach zu bedienender LED-Membranschalter mit leichter Ber\u00fchrung oder ein Touchscreen.<\/p>\n<p>Obere und untere pneumatische Klemmen gew\u00e4hrleisten eine pr\u00e4zise Magazinpositionierung<\/p>\n<p>Eine spezielle Luftstromf\u00fchrung verhindert Besch\u00e4digungen der Leiterplatte.<\/p>\n<p>Automatische Fehlercodeerkennung und -anzeigefunktion<\/p>\n<p>Verschlei\u00dffeste Kabel f\u00fcr lange Lebensdauer (service)<\/p>\n<p>Kompatible SMEMA-Schnittstelle<\/p>\n<h3><span class=\"ez-toc-section\" id=\"Technical_parameters\"><\/span><strong><b>Technische Parameter<\/b><\/strong><span class=\"ez-toc-section-end\"><\/span><\/h3>\n<p>Beschreibung: Dieses Ger\u00e4t dient zum Best\u00fccken der SMT-Produktionslinie mit Leiterplatten.<\/p>\n<p>Magazinkapazit\u00e4t: 1 Magazin (oben) und 2 Magazine (unten).<\/p>\n<p>F\u00fctterungszeit: ca. 6 Sekunden oder nach Vereinbarung<\/p>\n<p>Magazinwechselzeit: ca. 30 Sekunden oder angeben<\/p>\n<p>Schrittmotorteilung: 10, 20, 30, 40 mm oder nach user-Spezifikation.<\/p>\n<p>Stromversorgung: Wechselstrom 110 V oder 220 V; Einphasig.<\/p>\n<p>Leistung: Max. 300 VA.<\/p>\n<p>Luftdruck \/ Verbrauch: 4\u20136 bar, max. 10 l\/min.<\/p>\n<p>F\u00f6rderh\u00f6he: 900 \u00b1 20 mm oder kundenspezifisch<\/p>\n<p>\u00dcbermittlungsrichtung: Von links nach rechts (LR) oder von rechts nach links (RL).<\/p>\n<table>\n<tbody>\n<tr>\n<td colspan=\"5\" width=\"568\">\n<h3 style=\"text-align: center;\"><span class=\"ez-toc-section\" id=\"Specification_Parameters\"><\/span>Spezifikationsparameter<span class=\"ez-toc-section-end\"><\/span><\/h3>\n<\/td>\n<\/tr>\n<tr>\n<td width=\"96\">\n<h4>Modell<\/h4>\n<\/td>\n<td width=\"115\">\n<h4>Leiterplattengr\u00f6\u00dfe (mm)<\/h4>\n<\/td>\n<td width=\"134\">\n<h4>Abmessungen (L\u00e4nge*Breite*H\u00f6he mm)<\/h4>\n<\/td>\n<td width=\"87\">\n<h4>Gewicht (kg)<\/h4>\n<\/td>\n<td width=\"134\">\n<h4>Abmessungen (L\u00e4nge*Breite*H\u00f6he mm)<\/h4>\n<\/td>\n<\/tr>\n<tr>\n<td width=\"96\">DEZ-S-TN<\/p>\n<p>&nbsp;<\/td>\n<td width=\"115\">50*80-330*250<\/p>\n<p>&nbsp;<\/td>\n<td width=\"134\">355*320*563<\/td>\n<td width=\"87\">160<\/td>\n<td width=\"134\">850*765*1250<\/td>\n<\/tr>\n<tr>\n<td width=\"96\">DEZ-M-TN<\/p>\n<p>&nbsp;<\/td>\n<td width=\"115\">50*80-445*330<\/p>\n<p>&nbsp;<\/td>\n<td width=\"134\">460*400*563<\/td>\n<td width=\"87\">220<\/td>\n<td width=\"134\">1170*845*1250<\/td>\n<\/tr>\n<tr>\n<td width=\"96\">DEZ-L-TN<\/p>\n<p>&nbsp;<\/td>\n<td width=\"115\">50*80-530*390<\/p>\n<p>&nbsp;<\/td>\n<td width=\"134\">535*460*563<\/td>\n<td width=\"87\">280<\/td>\n<td width=\"134\">1300*909*1250<\/td>\n<\/tr>\n<tr>\n<td width=\"96\">DEZ-XL-TN<\/p>\n<p>&nbsp;<\/td>\n<td width=\"115\">50*80-530*460<\/p>\n<p>&nbsp;<\/td>\n<td width=\"134\">535*530*563<\/p>\n<p>&nbsp;<\/td>\n<td width=\"87\">320<\/td>\n<td width=\"134\">1300*980*1250<\/td>\n<\/tr>\n<\/tbody>\n<\/table>","protected":false},"excerpt":{"rendered":"<p>L-f\u00f6rmiger Leiterplattenentlader | Spart Platz in Werkstattecken dank 90\u00b0-Design. Bietet schnelles Entladen (ca. 6 Sekunden), pneumatische Magazinklemmung und SMEMA-Kompatibilit\u00e4t. Ideal f\u00fcr effiziente, platzsparende SMT-Linien.<\/p>","protected":false},"featured_media":19350,"template":"","meta":{"_lmt_disableupdate":"no","_lmt_disable":"","site-sidebar-layout":"default","site-content-layout":"","ast-site-content-layout":"default","site-content-style":"default","site-sidebar-style":"default","ast-global-header-display":"","ast-banner-title-visibility":"","ast-main-header-display":"","ast-hfb-above-header-display":"","ast-hfb-below-header-display":"","ast-hfb-mobile-header-display":"","site-post-title":"","ast-breadcrumbs-content":"","ast-featured-img":"","footer-sml-layout":"","ast-disable-related-posts":"","theme-transparent-header-meta":"default","adv-header-id-meta":"","stick-header-meta":"default","header-above-stick-meta":"","header-main-stick-meta":"","header-below-stick-meta":"","astra-migrate-meta-layouts":"set","ast-page-background-enabled":"default","ast-page-background-meta":{"desktop":{"background-color":"","background-image":"","background-repeat":"repeat","background-position":"center center","background-size":"auto","background-attachment":"scroll","background-type":"","background-media":"","overlay-type":"","overlay-color":"","overlay-opacity":"","overlay-gradient":""},"tablet":{"background-color":"","background-image":"","background-repeat":"repeat","background-position":"center center","background-size":"auto","background-attachment":"scroll","background-type":"","background-media":"","overlay-type":"","overlay-color":"","overlay-opacity":"","overlay-gradient":""},"mobile":{"background-color":"","background-image":"","background-repeat":"repeat","background-position":"center center","background-size":"auto","background-attachment":"scroll","background-type":"","background-media":"","overlay-type":"","overlay-color":"","overlay-opacity":"","overlay-gradient":""}},"ast-content-background-meta":{"desktop":{"background-color":"var(--ast-global-color-5)","background-image":"","background-repeat":"repeat","background-position":"center center","background-size":"auto","background-attachment":"scroll","background-type":"","background-media":"","overlay-type":"","overlay-color":"","overlay-opacity":"","overlay-gradient":""},"tablet":{"background-color":"var(--ast-global-color-5)","background-image":"","background-repeat":"repeat","background-position":"center center","background-size":"auto","background-attachment":"scroll","background-type":"","background-media":"","overlay-type":"","overlay-color":"","overlay-opacity":"","overlay-gradient":""},"mobile":{"background-color":"var(--ast-global-color-5)","background-image":"","background-repeat":"repeat","background-position":"center center","background-size":"auto","background-attachment":"scroll","background-type":"","background-media":"","overlay-type":"","overlay-color":"","overlay-opacity":"","overlay-gradient":""}}},"product_brand":[],"product_cat":[113],"product_tag":[],"class_list":{"0":"post-19288","1":"product","2":"type-product","3":"status-publish","4":"has-post-thumbnail","6":"product_cat-smt-handling-machine","7":"desktop-align-left","8":"tablet-align-left","9":"mobile-align-left","10":"ast-product-gallery-layout-horizontal-slider","11":"ast-product-tabs-layout-horizontal","13":"first","14":"instock","15":"shipping-taxable","16":"product-type-simple"},"_links":{"self":[{"href":"https:\/\/dezsmt.com\/de\/wp-json\/wp\/v2\/product\/19288","targetHints":{"allow":["GET"]}}],"collection":[{"href":"https:\/\/dezsmt.com\/de\/wp-json\/wp\/v2\/product"}],"about":[{"href":"https:\/\/dezsmt.com\/de\/wp-json\/wp\/v2\/types\/product"}],"version-history":[{"count":5,"href":"https:\/\/dezsmt.com\/de\/wp-json\/wp\/v2\/product\/19288\/revisions"}],"predecessor-version":[{"id":19466,"href":"https:\/\/dezsmt.com\/de\/wp-json\/wp\/v2\/product\/19288\/revisions\/19466"}],"wp:featuredmedia":[{"embeddable":true,"href":"https:\/\/dezsmt.com\/de\/wp-json\/wp\/v2\/media\/19350"}],"wp:attachment":[{"href":"https:\/\/dezsmt.com\/de\/wp-json\/wp\/v2\/media?parent=19288"}],"wp:term":[{"taxonomy":"product_brand","embeddable":true,"href":"https:\/\/dezsmt.com\/de\/wp-json\/wp\/v2\/product_brand?post=19288"},{"taxonomy":"product_cat","embeddable":true,"href":"https:\/\/dezsmt.com\/de\/wp-json\/wp\/v2\/product_cat?post=19288"},{"taxonomy":"product_tag","embeddable":true,"href":"https:\/\/dezsmt.com\/de\/wp-json\/wp\/v2\/product_tag?post=19288"}],"curies":[{"name":"wp","href":"https:\/\/api.w.org\/{rel}","templated":true}]}}