{"id":17815,"date":"2025-05-05T14:47:05","date_gmt":"2025-05-05T06:47:05","guid":{"rendered":"https:\/\/dezsmt.com\/product-center\/l9181-05_txpr1004e-130-kv-microfocus-x-ray-source\/"},"modified":"2025-12-17T17:23:13","modified_gmt":"2025-12-17T09:23:13","slug":"l9181-05_txpr1004e-130-kv-microfocus-x-ray-source","status":"publish","type":"product","link":"https:\/\/dezsmt.com\/de\/product-center\/l9181-05_txpr1004e-130-kv-microfocus-x-ray-source\/","title":{"rendered":"L9181-05_TXPR1004E 130 kV Mikrofokus-R\u00f6ntgenquelle"},"content":{"rendered":"<div data-elementor-type=\"product-post\" data-elementor-id=\"17815\" class=\"elementor elementor-17815\" data-elementor-post-type=\"product\">\n\t\t\t\t<div class=\"elementor-element elementor-element-4d5f9bb e-flex e-con-boxed e-con e-parent\" data-id=\"4d5f9bb\" data-element_type=\"container\" data-e-type=\"container\" data-settings=\"{&quot;ekit_has_onepagescroll_dot&quot;:&quot;yes&quot;}\">\n\t\t\t\t\t<div class=\"e-con-inner\">\n\t\t\t\t<div class=\"elementor-element elementor-element-e943728 e-n-tabs-mobile elementor-widget elementor-widget-n-tabs\" data-id=\"e943728\" data-element_type=\"widget\" data-e-type=\"widget\" data-settings=\"{&quot;tabs_justify_horizontal&quot;:&quot;stretch&quot;,&quot;horizontal_scroll&quot;:&quot;disable&quot;,&quot;ekit_we_effect_on&quot;:&quot;none&quot;}\" data-widget_type=\"nested-tabs.default\">\n\t\t\t\t\t\t\t<div class=\"e-n-tabs\" data-widget-number=\"244594472\" aria-label=\"Registerkarten. \u00d6ffnen Sie Elemente mit Enter oder Space, schlie\u00dfen Sie sie mit Escape und navigieren Sie mit den Pfeiltasten.\">\n\t\t\t<div class=\"e-n-tabs-heading\" role=\"tablist\">\n\t\t\t\t\t<button id=\"e-n-tab-title-2445944721\" data-tab-title-id=\"e-n-tab-title-2445944721\" class=\"e-n-tab-title\" aria-selected=\"true\" data-tab-index=\"1\" role=\"tab\" tabindex=\"0\" aria-controls=\"e-n-tab-content-2445944721\" style=\"--n-tabs-title-order: 1;\">\n\t\t\t\t\t\t<span class=\"e-n-tab-title-text\">\n\t\t\t\tAusgew\u00e4hlte Specs\t\t\t<\/span>\n\t\t<\/button>\n\t\t\t\t<button id=\"e-n-tab-title-2445944722\" data-tab-title-id=\"e-n-tab-title-2445944722\" class=\"e-n-tab-title\" aria-selected=\"false\" data-tab-index=\"2\" role=\"tab\" tabindex=\"-1\" aria-controls=\"e-n-tab-content-2445944722\" style=\"--n-tabs-title-order: 2;\">\n\t\t\t\t\t\t<span class=\"e-n-tab-title-text\">\n\t\t\t\tVideo\t\t\t<\/span>\n\t\t<\/button>\n\t\t\t\t\t<\/div>\n\t\t\t<div class=\"e-n-tabs-content\">\n\t\t\t\t<div id=\"e-n-tab-content-2445944721\" role=\"tabpanel\" aria-labelledby=\"e-n-tab-title-2445944721\" data-tab-index=\"1\" style=\"--n-tabs-title-order: 1;\" class=\"e-active elementor-element elementor-element-d9ea261 e-con-full e-flex e-con e-child\" data-id=\"d9ea261\" data-element_type=\"container\" data-e-type=\"container\" data-settings=\"{&quot;ekit_has_onepagescroll_dot&quot;:&quot;yes&quot;}\">\n\t\t\t\t<div class=\"elementor-element elementor-element-7a897463 elementor-widget elementor-widget-text-editor\" data-id=\"7a897463\" data-element_type=\"widget\" data-e-type=\"widget\" data-settings=\"{&quot;ekit_we_effect_on&quot;:&quot;none&quot;}\" data-widget_type=\"text-editor.default\">\n\t\t\t\t\t\t\t\t\t<p><strong>Wesentliche Merkmale<\/strong>:<br \/>Hohe Ausgangsleistung mit maximal 39 W.<br \/>Breiter R\u00f6ntgenstrahlungswinkel von 100\u00a1\u00e3.<br \/>Externe Steuerung \u00fcber RS-232C-Schnittstelle.<br \/>Integriertes Hochspannungsnetzteil.<br \/>M\u00f6glichkeiten der zerst\u00f6rungsfreien Pr\u00fcfung.<br \/>Geeignet f\u00fcr elektronische Bauteile, Leiterplatten, Kunststoffteile und Metallteile.<br \/>Sicherheitsmerkmale zum Schutz vor R\u00f6ntgenstrahlen.<\/p><p><strong>Technisches Datenblatt<\/strong>:<br \/>- Allgemeine Bewertungen:<br \/>- Einstellbereich der R\u00f6ntgenr\u00f6hrenspannung: 0 bis 130 kV<br \/>- Einstellbereich des R\u00f6ntgenr\u00f6hrenstroms: 0 bis 300 \u03bcA<br \/>- R\u00f6ntgenr\u00f6hrenspannung Betriebsbereich: 40 bis 130 kV<br \/>- R\u00f6ntgenr\u00f6hrenstrom-Betriebsbereich: 10 bis 300 \u03bcA<br \/>- Maximale Leistung: 39 W<br \/>- R\u00f6ntgenbrennfleckgr\u00f6\u00dfe (Nennwert): 16 bis 50 \u03bcm<br \/>- Material\/Dicke des R\u00f6ntgenausgangsfensters: Beryllium\/0,5 mm<br \/>- R\u00f6ntgenstrahl-Winkel: Ca. 100\u00a1\u00e3<br \/>- Abstand zwischen Fokus und Objekt (FOD): Ca. 13 mm<br \/>- Material der Zielscheibe: Wolfram<br \/>- Gewicht: Ca. 10,4 kg<br \/>- Kommunikationsverfahren: RS-232C (9-poliger D-Sub-Anschluss)<br \/>- Eingangsspannung (DC): +24 V (+2.4, -0)<br \/>- Stromverbrauch: Weniger als 120 W<br \/>- Nennleistung: Kontinuierliche Leistung<br \/>- Betriebliche Umgebungstemperatur: +10 bis +40\u00a1\u00e3C<br \/>- Lagerung Umgebungstemperatur: 0 bis +50\u00a1\u00e3C<br \/>- Luftfeuchtigkeit bei Betrieb und Lagerung: 20 bis 85% (keine Kondensation)<br \/>- Sicherheitsstandard: RoHS-Richtlinie, EMC, EN 50581 Kategorie 8, 9<br \/>- Steuerungssoftware:<br \/>- Anwendbarer PC: PC\/AT-kompatibel<br \/>- Anwendbare OS: Windows - 7, 8.1, 10<br \/>- Schnittstelle: RS-232C-Schnittstelle<\/p><p>\u00a0<\/p><p>L9181-05_TXPR1004E 130 kVMikrofokus-R\u00f6ntgenquelle<\/p>\t\t\t\t\t\t\t\t<\/div>\n\t\t\t\t<\/div>\n\t\t<div id=\"e-n-tab-content-2445944722\" role=\"tabpanel\" aria-labelledby=\"e-n-tab-title-2445944722\" data-tab-index=\"2\" style=\"--n-tabs-title-order: 2;\" class=\"elementor-element elementor-element-be2f2d1 e-con-full e-flex e-con e-child\" data-id=\"be2f2d1\" data-element_type=\"container\" data-e-type=\"container\" data-settings=\"{&quot;ekit_has_onepagescroll_dot&quot;:&quot;yes&quot;}\">\n\t\t\t\t<div class=\"elementor-element elementor-element-39bc7db elementor-widget elementor-widget-video\" data-id=\"39bc7db\" data-element_type=\"widget\" data-e-type=\"widget\" data-settings=\"{&quot;youtube_url&quot;:&quot;https:\\\/\\\/www.youtube.com\\\/watch?v=WaNCJ-UYnao&quot;,&quot;video_type&quot;:&quot;youtube&quot;,&quot;controls&quot;:&quot;yes&quot;,&quot;ekit_we_effect_on&quot;:&quot;none&quot;}\" data-widget_type=\"video.default\">\n\t\t\t\t\t\t\t<div class=\"elementor-wrapper elementor-open-inline\">\n\t\t\t<div class=\"elementor-video\"><\/div>\t\t<\/div>\n\t\t\t\t\t\t<\/div>\n\t\t\t\t<\/div>\n\t\t\t\t\t<\/div>\n\t\t<\/div>\n\t\t\t\t\t\t<\/div>\n\t\t\t\t\t<\/div>\n\t\t\t\t<\/div>\n\t\t\t\t<\/div>","protected":false},"excerpt":{"rendered":"<p>Die L9181-05_TXPR1004E ist eine 130 kV-Mikrofokus-R\u00f6ntgenquelle f\u00fcr die zerst\u00f6rungsfreie Pr\u00fcfung und R\u00f6ntgen-CT. Sie bietet eine hohe Ausgangsleistung und einen weiten R\u00f6ntgenstrahlwinkel, wodurch sie sich ideal f\u00fcr verschiedene industrielle Anwendungen eignet.<\/p>","protected":false},"featured_media":17818,"template":"","meta":{"_lmt_disableupdate":"no","_lmt_disable":"","site-sidebar-layout":"default","site-content-layout":"","ast-site-content-layout":"default","site-content-style":"default","site-sidebar-style":"default","ast-global-header-display":"","ast-banner-title-visibility":"","ast-main-header-display":"","ast-hfb-above-header-display":"","ast-hfb-below-header-display":"","ast-hfb-mobile-header-display":"","site-post-title":"","ast-breadcrumbs-content":"","ast-featured-img":"","footer-sml-layout":"","ast-disable-related-posts":"","theme-transparent-header-meta":"default","adv-header-id-meta":"","stick-header-meta":"default","header-above-stick-meta":"","header-main-stick-meta":"","header-below-stick-meta":"","astra-migrate-meta-layouts":"set","ast-page-background-enabled":"default","ast-page-background-meta":{"desktop":{"background-color":"","background-image":"","background-repeat":"repeat","background-position":"center center","background-size":"auto","background-attachment":"scroll","background-type":"","background-media":"","overlay-type":"","overlay-color":"","overlay-opacity":"","overlay-gradient":""},"tablet":{"background-color":"","background-image":"","background-repeat":"repeat","background-position":"center center","background-size":"auto","background-attachment":"scroll","background-type":"","background-media":"","overlay-type":"","overlay-color":"","overlay-opacity":"","overlay-gradient":""},"mobile":{"background-color":"","background-image":"","background-repeat":"repeat","background-position":"center center","background-size":"auto","background-attachment":"scroll","background-type":"","background-media":"","overlay-type":"","overlay-color":"","overlay-opacity":"","overlay-gradient":""}},"ast-content-background-meta":{"desktop":{"background-color":"var(--ast-global-color-5)","background-image":"","background-repeat":"repeat","background-position":"center center","background-size":"auto","background-attachment":"scroll","background-type":"","background-media":"","overlay-type":"","overlay-color":"","overlay-opacity":"","overlay-gradient":""},"tablet":{"background-color":"var(--ast-global-color-5)","background-image":"","background-repeat":"repeat","background-position":"center center","background-size":"auto","background-attachment":"scroll","background-type":"","background-media":"","overlay-type":"","overlay-color":"","overlay-opacity":"","overlay-gradient":""},"mobile":{"background-color":"var(--ast-global-color-5)","background-image":"","background-repeat":"repeat","background-position":"center center","background-size":"auto","background-attachment":"scroll","background-type":"","background-media":"","overlay-type":"","overlay-color":"","overlay-opacity":"","overlay-gradient":""}}},"product_brand":[],"product_cat":[107],"product_tag":[],"class_list":{"0":"post-17815","1":"product","2":"type-product","3":"status-publish","4":"has-post-thumbnail","6":"product_cat-microfocus-x-ray-tube","7":"desktop-align-left","8":"tablet-align-left","9":"mobile-align-left","10":"ast-product-gallery-layout-horizontal-slider","11":"ast-product-gallery-with-no-image","12":"ast-product-tabs-layout-horizontal","14":"first","15":"instock","16":"shipping-taxable","17":"purchasable","18":"product-type-simple"},"_links":{"self":[{"href":"https:\/\/dezsmt.com\/de\/wp-json\/wp\/v2\/product\/17815","targetHints":{"allow":["GET"]}}],"collection":[{"href":"https:\/\/dezsmt.com\/de\/wp-json\/wp\/v2\/product"}],"about":[{"href":"https:\/\/dezsmt.com\/de\/wp-json\/wp\/v2\/types\/product"}],"version-history":[{"count":3,"href":"https:\/\/dezsmt.com\/de\/wp-json\/wp\/v2\/product\/17815\/revisions"}],"predecessor-version":[{"id":19493,"href":"https:\/\/dezsmt.com\/de\/wp-json\/wp\/v2\/product\/17815\/revisions\/19493"}],"wp:featuredmedia":[{"embeddable":true,"href":"https:\/\/dezsmt.com\/de\/wp-json\/wp\/v2\/media\/17818"}],"wp:attachment":[{"href":"https:\/\/dezsmt.com\/de\/wp-json\/wp\/v2\/media?parent=17815"}],"wp:term":[{"taxonomy":"product_brand","embeddable":true,"href":"https:\/\/dezsmt.com\/de\/wp-json\/wp\/v2\/product_brand?post=17815"},{"taxonomy":"product_cat","embeddable":true,"href":"https:\/\/dezsmt.com\/de\/wp-json\/wp\/v2\/product_cat?post=17815"},{"taxonomy":"product_tag","embeddable":true,"href":"https:\/\/dezsmt.com\/de\/wp-json\/wp\/v2\/product_tag?post=17815"}],"curies":[{"name":"wp","href":"https:\/\/api.w.org\/{rel}","templated":true}]}}