{"id":17813,"date":"2025-05-05T14:47:04","date_gmt":"2025-05-05T06:47:04","guid":{"rendered":"https:\/\/dezsmt.com\/product-center\/st-r820-bga-rework-station\/"},"modified":"2025-12-11T15:23:54","modified_gmt":"2025-12-11T07:23:54","slug":"dez-r820-bga-rework-station","status":"publish","type":"product","link":"https:\/\/dezsmt.com\/de\/product-center\/dez-r820-bga-rework-station\/","title":{"rendered":"DEZ-R820 BGA-Rework-Station"},"content":{"rendered":"<div data-elementor-type=\"product-post\" data-elementor-id=\"17813\" class=\"elementor elementor-17813\" data-elementor-post-type=\"product\">\n\t\t\t\t<div class=\"elementor-element elementor-element-559efc1e e-flex e-con-boxed e-con e-parent\" data-id=\"559efc1e\" data-element_type=\"container\" data-e-type=\"container\" data-settings=\"{&quot;ekit_has_onepagescroll_dot&quot;:&quot;yes&quot;}\">\n\t\t\t\t\t<div class=\"e-con-inner\">\n\t\t\t\t<div class=\"elementor-element elementor-element-3986728 e-n-tabs-mobile elementor-widget elementor-widget-n-tabs\" data-id=\"3986728\" data-element_type=\"widget\" data-e-type=\"widget\" data-settings=\"{&quot;tabs_justify_horizontal&quot;:&quot;stretch&quot;,&quot;horizontal_scroll&quot;:&quot;disable&quot;,&quot;ekit_we_effect_on&quot;:&quot;none&quot;}\" data-widget_type=\"nested-tabs.default\">\n\t\t\t\t\t\t\t<div class=\"e-n-tabs\" data-widget-number=\"60319528\" aria-label=\"Registerkarten. \u00d6ffnen Sie Elemente mit Enter oder Space, schlie\u00dfen Sie sie mit Escape und navigieren Sie mit den Pfeiltasten.\">\n\t\t\t<div class=\"e-n-tabs-heading\" role=\"tablist\">\n\t\t\t\t\t<button id=\"e-n-tab-title-603195281\" data-tab-title-id=\"e-n-tab-title-603195281\" class=\"e-n-tab-title\" aria-selected=\"true\" data-tab-index=\"1\" role=\"tab\" tabindex=\"0\" aria-controls=\"e-n-tab-content-603195281\" style=\"--n-tabs-title-order: 1;\">\n\t\t\t\t\t\t<span class=\"e-n-tab-title-text\">\n\t\t\t\tAusgew\u00e4hlte Specs\t\t\t<\/span>\n\t\t<\/button>\n\t\t\t\t<button id=\"e-n-tab-title-603195282\" data-tab-title-id=\"e-n-tab-title-603195282\" class=\"e-n-tab-title\" aria-selected=\"false\" data-tab-index=\"2\" role=\"tab\" tabindex=\"-1\" aria-controls=\"e-n-tab-content-603195282\" style=\"--n-tabs-title-order: 2;\">\n\t\t\t\t\t\t<span class=\"e-n-tab-title-text\">\n\t\t\t\tVideo\t\t\t<\/span>\n\t\t<\/button>\n\t\t\t\t\t<\/div>\n\t\t\t<div class=\"e-n-tabs-content\">\n\t\t\t\t<div id=\"e-n-tab-content-603195281\" role=\"tabpanel\" aria-labelledby=\"e-n-tab-title-603195281\" data-tab-index=\"1\" style=\"--n-tabs-title-order: 1;\" class=\"e-active elementor-element elementor-element-0f8365a e-con-full e-flex e-con e-child\" data-id=\"0f8365a\" data-element_type=\"container\" data-e-type=\"container\" data-settings=\"{&quot;ekit_has_onepagescroll_dot&quot;:&quot;yes&quot;}\">\n\t\t\t\t<div class=\"elementor-element elementor-element-36cd0ed8 elementor-widget elementor-widget-text-editor\" data-id=\"36cd0ed8\" data-element_type=\"widget\" data-e-type=\"widget\" data-settings=\"{&quot;ekit_we_effect_on&quot;:&quot;none&quot;}\" data-widget_type=\"text-editor.default\">\n\t\t\t\t\t\t\t\t\t<p><strong>Wesentliche Merkmale<\/strong>:<br \/>Drei unabh\u00e4ngige Regelheizer f\u00fcr eine pr\u00e4zise Temperaturregelung.<br \/>Pr\u00e4zises optisches Ausrichtungssystem mit einstellbarem CCD-Farboptiksystem.<br \/>Multifunktions-Bedienungssystem mit hochaufl\u00f6sender Mensch-Maschine-Schnittstelle.<br \/>\u00dcberlegene Sicherheitsfunktionen mit CE-Zertifizierung.<br \/>Geeignet f\u00fcr verschiedene Leiterplattengr\u00f6\u00dfen und BGA-Chips.<br \/>Einfache und genaue Positionierung mit V-Nut PCB Unterst\u00fctzung.<br \/>Flexible und abnehmbare Universalbefestigung zum Schutz.<br \/>Temperatur\u00fcberwachung und Datenspeicherung in Echtzeit.<\/p><p><strong>Technisches Datenblatt<\/strong>:<br \/>- Macht:<br \/>- AC 220V\u00b110\u00a3\u00a5 50\/60 Hz<br \/>- Gesamtleistung: Maximal 5300W<br \/>- Heizleistung: Obere Heizung 1200 W, untere Heizung 1200 W, IR-Heizung 2700 W<br \/>- Elektrische Materialien:<br \/>- Intelligente speicherprogrammierbare Steuerung, unterst\u00fctzt den Anschluss von Computern<br \/>- Temperaturkontrolle:<br \/>- Thermoelement Typ K (Closed Loop), unabh\u00e4ngige Temperaturregelung, Genauigkeit innerhalb \u00b13\u2103<br \/>- Positionierung:<br \/>- V-Nut, PCB-Tr\u00e4ger<br \/>- PCB Gr\u00f6\u00dfe:<br \/>- Max 415\u00d7370 mm, Min 65\u00d765 mm<br \/>- BGA-Chip:<br \/>- Max 80x80mm, Min 2\u00d72 mm<br \/>- Abmessungen:<br \/>- L680xB630xH900 mm<br \/>- Sensoren:<br \/>- 1 St\u00fcck<br \/>- Gewicht:<br \/>- 79kg<br \/>- Produktname: Vollautomatische BGA-Rework-Station<br \/>- Modell #: ST-R820<br \/>- Gesamtleistung: 5300W<br \/>- Obere Heizung: 1200W<br \/>- Untere Heizung: 1200W<br \/>- IR-Heizung: 2700W<br \/>- IR-Heizfl\u00e4che: 280380mm<br \/>- Spannung: AC220V\u00b110% 50\/60Hz<br \/>- Bewegungsrichtung: Z-Achse<br \/>- Positionssystem: V-Nut, PCB-Unterst\u00fctzung<br \/>- Temperaturregelung: K-Typ Closed Loop Thermoelement mit Genauigkeit innerhalb \u00b13\u2103<br \/>- Temperaturgenauigkeit: \u00b13 Grad<br \/>- PCB-Gr\u00f6\u00dfe: Max. 415370 mm, Min. 6565 mm<br \/>- Elektrische Materialien: Servoantrieb (Panasonic) + Touchscreen (Taiwan) + Panasonic PLC + Heizplatte (Deutschland)<br \/>- Kamera Vergr\u00f6\u00dferung: 5X~50X<br \/>- Optisches System: Japanisches Original-Hochaufl\u00f6sungs-CCD-Farbbildsystem, Joystick-Steuerung<br \/>- BGA-Chip: Max 8080mm, Min 22 mm<br \/>- Touchscreen: 10 Zoll, Aufl\u00f6sung 640480, Panel Visa Touchscreen, externe USB-Schnittstelle<br \/>- Externer Temperatursensor: 1 St\u00fcck<br \/>- Arbeitsmodus: Kraftantrieb (optional Gasantrieb + Stickstoff)<br \/>- Platzierungsgenauigkeit: \u00b10,02 mm<br \/>- Abmessungen: L680B630H900 mm (LCD-St\u00e4nder nicht enthalten)<br \/>- Nettogewicht: 79KG<br \/>- Zertifizierungen: CE- und Patent-Zertifikat<br \/>- Verpacken: L780B800H1090mm<br \/>- Bruttogewicht: 105KG<\/p>\t\t\t\t\t\t\t\t<\/div>\n\t\t\t\t<\/div>\n\t\t<div id=\"e-n-tab-content-603195282\" role=\"tabpanel\" aria-labelledby=\"e-n-tab-title-603195282\" data-tab-index=\"2\" style=\"--n-tabs-title-order: 2;\" class=\"elementor-element elementor-element-322ed20 e-con-full e-flex e-con e-child\" data-id=\"322ed20\" data-element_type=\"container\" data-e-type=\"container\" data-settings=\"{&quot;ekit_has_onepagescroll_dot&quot;:&quot;yes&quot;}\">\n\t\t\t\t<div class=\"elementor-element elementor-element-7e4c4a3 elementor-widget elementor-widget-video\" data-id=\"7e4c4a3\" data-element_type=\"widget\" data-e-type=\"widget\" data-settings=\"{&quot;youtube_url&quot;:&quot;https:\\\/\\\/www.youtube.com\\\/watch?v=WaNCJ-UYnao&quot;,&quot;video_type&quot;:&quot;youtube&quot;,&quot;controls&quot;:&quot;yes&quot;,&quot;ekit_we_effect_on&quot;:&quot;none&quot;}\" data-widget_type=\"video.default\">\n\t\t\t\t\t\t\t<div class=\"elementor-wrapper elementor-open-inline\">\n\t\t\t<div class=\"elementor-video\"><\/div>\t\t<\/div>\n\t\t\t\t\t\t<\/div>\n\t\t\t\t<\/div>\n\t\t\t\t\t<\/div>\n\t\t<\/div>\n\t\t\t\t\t\t<\/div>\n\t\t\t\t\t<\/div>\n\t\t\t\t<\/div>\n\t\t\t\t<\/div>","protected":false},"excerpt":{"rendered":"<p>Die ST-R820 ist eine BGA-Rework-Station mit optischer Ausrichtung f\u00fcr die pr\u00e4zise Nachbearbeitung von BGA-Chips auf Leiterplatten. Sie bietet hohe Genauigkeit und Zuverl\u00e4ssigkeit und ist damit ideal f\u00fcr die Elektronikfertigung und -reparatur.<\/p>","protected":false},"featured_media":19377,"template":"","meta":{"_lmt_disableupdate":"no","_lmt_disable":"","site-sidebar-layout":"default","site-content-layout":"","ast-site-content-layout":"default","site-content-style":"default","site-sidebar-style":"default","ast-global-header-display":"","ast-banner-title-visibility":"","ast-main-header-display":"","ast-hfb-above-header-display":"","ast-hfb-below-header-display":"","ast-hfb-mobile-header-display":"","site-post-title":"","ast-breadcrumbs-content":"","ast-featured-img":"","footer-sml-layout":"","ast-disable-related-posts":"","theme-transparent-header-meta":"default","adv-header-id-meta":"","stick-header-meta":"default","header-above-stick-meta":"","header-main-stick-meta":"","header-below-stick-meta":"","astra-migrate-meta-layouts":"set","ast-page-background-enabled":"default","ast-page-background-meta":{"desktop":{"background-color":"","background-image":"","background-repeat":"repeat","background-position":"center center","background-size":"auto","background-attachment":"scroll","background-type":"","background-media":"","overlay-type":"","overlay-color":"","overlay-opacity":"","overlay-gradient":""},"tablet":{"background-color":"","background-image":"","background-repeat":"repeat","background-position":"center center","background-size":"auto","background-attachment":"scroll","background-type":"","background-media":"","overlay-type":"","overlay-color":"","overlay-opacity":"","overlay-gradient":""},"mobile":{"background-color":"","background-image":"","background-repeat":"repeat","background-position":"center center","background-size":"auto","background-attachment":"scroll","background-type":"","background-media":"","overlay-type":"","overlay-color":"","overlay-opacity":"","overlay-gradient":""}},"ast-content-background-meta":{"desktop":{"background-color":"var(--ast-global-color-5)","background-image":"","background-repeat":"repeat","background-position":"center center","background-size":"auto","background-attachment":"scroll","background-type":"","background-media":"","overlay-type":"","overlay-color":"","overlay-opacity":"","overlay-gradient":""},"tablet":{"background-color":"var(--ast-global-color-5)","background-image":"","background-repeat":"repeat","background-position":"center center","background-size":"auto","background-attachment":"scroll","background-type":"","background-media":"","overlay-type":"","overlay-color":"","overlay-opacity":"","overlay-gradient":""},"mobile":{"background-color":"var(--ast-global-color-5)","background-image":"","background-repeat":"repeat","background-position":"center center","background-size":"auto","background-attachment":"scroll","background-type":"","background-media":"","overlay-type":"","overlay-color":"","overlay-opacity":"","overlay-gradient":""}}},"product_brand":[],"product_cat":[106],"product_tag":[],"class_list":{"0":"post-17813","1":"product","2":"type-product","3":"status-publish","4":"has-post-thumbnail","6":"product_cat-bga-rework-station","7":"desktop-align-left","8":"tablet-align-left","9":"mobile-align-left","10":"ast-product-gallery-layout-horizontal-slider","11":"ast-product-gallery-with-no-image","12":"ast-product-tabs-layout-horizontal","14":"first","15":"instock","16":"shipping-taxable","17":"purchasable","18":"product-type-simple"},"_links":{"self":[{"href":"https:\/\/dezsmt.com\/de\/wp-json\/wp\/v2\/product\/17813","targetHints":{"allow":["GET"]}}],"collection":[{"href":"https:\/\/dezsmt.com\/de\/wp-json\/wp\/v2\/product"}],"about":[{"href":"https:\/\/dezsmt.com\/de\/wp-json\/wp\/v2\/types\/product"}],"version-history":[{"count":5,"href":"https:\/\/dezsmt.com\/de\/wp-json\/wp\/v2\/product\/17813\/revisions"}],"predecessor-version":[{"id":19442,"href":"https:\/\/dezsmt.com\/de\/wp-json\/wp\/v2\/product\/17813\/revisions\/19442"}],"wp:featuredmedia":[{"embeddable":true,"href":"https:\/\/dezsmt.com\/de\/wp-json\/wp\/v2\/media\/19377"}],"wp:attachment":[{"href":"https:\/\/dezsmt.com\/de\/wp-json\/wp\/v2\/media?parent=17813"}],"wp:term":[{"taxonomy":"product_brand","embeddable":true,"href":"https:\/\/dezsmt.com\/de\/wp-json\/wp\/v2\/product_brand?post=17813"},{"taxonomy":"product_cat","embeddable":true,"href":"https:\/\/dezsmt.com\/de\/wp-json\/wp\/v2\/product_cat?post=17813"},{"taxonomy":"product_tag","embeddable":true,"href":"https:\/\/dezsmt.com\/de\/wp-json\/wp\/v2\/product_tag?post=17813"}],"curies":[{"name":"wp","href":"https:\/\/api.w.org\/{rel}","templated":true}]}}