{"id":17812,"date":"2025-05-05T14:47:04","date_gmt":"2025-05-05T06:47:04","guid":{"rendered":"https:\/\/dezsmt.com\/product-center\/dez-x7600-x-ray-inspection-system\/"},"modified":"2025-12-05T15:51:46","modified_gmt":"2025-12-05T07:51:46","slug":"dez-x7600-x-ray-inspection-system","status":"publish","type":"product","link":"https:\/\/dezsmt.com\/de\/product-center\/dez-x7600-x-ray-inspection-system\/","title":{"rendered":"DEZ-X7600 R\u00f6ntgeninspektionssystem"},"content":{"rendered":"<div data-elementor-type=\"product-post\" data-elementor-id=\"17812\" class=\"elementor elementor-17812\" data-elementor-post-type=\"product\">\n\t\t\t\t<div class=\"elementor-element elementor-element-7889c6fd e-flex e-con-boxed e-con e-parent\" data-id=\"7889c6fd\" data-element_type=\"container\" data-e-type=\"container\" data-settings=\"{&quot;ekit_has_onepagescroll_dot&quot;:&quot;yes&quot;}\">\n\t\t\t\t\t<div class=\"e-con-inner\">\n\t\t\t\t<div class=\"elementor-element elementor-element-665ed4e e-n-tabs-mobile elementor-widget elementor-widget-n-tabs\" data-id=\"665ed4e\" data-element_type=\"widget\" data-e-type=\"widget\" data-settings=\"{&quot;tabs_justify_horizontal&quot;:&quot;stretch&quot;,&quot;horizontal_scroll&quot;:&quot;disable&quot;,&quot;ekit_we_effect_on&quot;:&quot;none&quot;}\" data-widget_type=\"nested-tabs.default\">\n\t\t\t\t\t\t\t<div class=\"e-n-tabs\" data-widget-number=\"107343182\" aria-label=\"Registerkarten. \u00d6ffnen Sie Elemente mit Enter oder Space, schlie\u00dfen Sie sie mit Escape und navigieren Sie mit den Pfeiltasten.\">\n\t\t\t<div class=\"e-n-tabs-heading\" role=\"tablist\">\n\t\t\t\t\t<button id=\"e-n-tab-title-1073431821\" data-tab-title-id=\"e-n-tab-title-1073431821\" class=\"e-n-tab-title\" aria-selected=\"true\" data-tab-index=\"1\" role=\"tab\" tabindex=\"0\" aria-controls=\"e-n-tab-content-1073431821\" style=\"--n-tabs-title-order: 1;\">\n\t\t\t\t\t\t<span class=\"e-n-tab-title-text\">\n\t\t\t\tAusgew\u00e4hlte Specs\t\t\t<\/span>\n\t\t<\/button>\n\t\t\t\t<button id=\"e-n-tab-title-1073431822\" data-tab-title-id=\"e-n-tab-title-1073431822\" class=\"e-n-tab-title\" aria-selected=\"false\" data-tab-index=\"2\" role=\"tab\" tabindex=\"-1\" aria-controls=\"e-n-tab-content-1073431822\" style=\"--n-tabs-title-order: 2;\">\n\t\t\t\t\t\t<span class=\"e-n-tab-title-text\">\n\t\t\t\tVideo\t\t\t<\/span>\n\t\t<\/button>\n\t\t\t\t\t<\/div>\n\t\t\t<div class=\"e-n-tabs-content\">\n\t\t\t\t<div id=\"e-n-tab-content-1073431821\" role=\"tabpanel\" aria-labelledby=\"e-n-tab-title-1073431821\" data-tab-index=\"1\" style=\"--n-tabs-title-order: 1;\" class=\"e-active elementor-element elementor-element-62e903b e-con-full e-flex e-con e-child\" data-id=\"62e903b\" data-element_type=\"container\" data-e-type=\"container\" data-settings=\"{&quot;ekit_has_onepagescroll_dot&quot;:&quot;yes&quot;}\">\n\t\t\t\t<div class=\"elementor-element elementor-element-267baf3d elementor-widget elementor-widget-text-editor\" data-id=\"267baf3d\" data-element_type=\"widget\" data-e-type=\"widget\" data-settings=\"{&quot;ekit_we_effect_on&quot;:&quot;none&quot;}\" data-widget_type=\"text-editor.default\">\n\t\t\t\t\t\t\t\t\t<p><strong>Wesentliche Merkmale<\/strong>:<br \/>Hochaufl\u00f6sende Bildgebung mit einem Erfassungsbereich von 130 mm * 130 mm.<br \/>\u00dcberwachung und Aufzeichnung in Echtzeit.<br \/>Anpassbare Erkennungsalgorithmen f\u00fcr spezifische Anforderungen.<br \/>User-freundliche Oberfl\u00e4che mit intuitiver Navigation.<br \/>Robuster Industriecomputer mit leistungsstarken Spezifikationen.<br \/>Sicherer und zuverl\u00e4ssiger Betrieb mit Strahlenschutzfunktionen.<br \/>Geeignet f\u00fcr verschiedene Elektronik- und Halbleiteranwendungen.<\/p><p><strong>Technisches Datenblatt<\/strong>:<br \/>- R\u00f6ntgenquelle:<br \/>- Marke: Hamamatsu, Japan<br \/>- Typ: Geschlossener Mikrofokus<br \/>- Spannung: 130kv<br \/>- Stromst\u00e4rke: 10-300uA<br \/>- Fokus Gr\u00f6\u00dfe: 5\u03bcm<br \/>- Maximale Leistung: 39W<br \/>- Bildgebende Einheit:<br \/>- Marke: iRAY<br \/>- Typ: Amorphous Silizium-Flachdetektor<br \/>- Abbildungsbereich: 130mm * 130mm<br \/>- Gr\u00f6\u00dfe der lichtempfindlichen Einheit: 85\u03bcm<br \/>- Pixel-Matrix: 1536 * 1536<br \/>- Aufl\u00f6sung: 5,8Lp\/mm<br \/>- Bildwiederholrate: 20fps<br \/>- Neigungswinkel: 0-90\u00a1\u00e3 Betrachtungswinkel (45\u00a1\u00e3 nach links und rechts)<br \/>- Vergr\u00f6\u00dferungsverh\u00e4ltnis: Geometrische Vergr\u00f6\u00dferung von 150 Mal<br \/>- Computer-Host:<br \/>- Marke: Advantech Industrie Computer<br \/>- Konfiguration: CPU: I5 7700, RAM: 8G, HDD: 1TB<br \/>- Monitor: 24\u2033 FHD LCD Bildschirm<br \/>- Ladefl\u00e4che:<br \/>- Ladefl\u00e4che: 520mm * 520mm<br \/>- Max Inspektionsbereich: 510mm * 450mm<br \/>- Verfahrweg (Z-Achse): Detektionsfeld Z1=300mm, R\u00f6ntgenquelle Z2=300mm<br \/>- Verfahrweg (X-Achse): * Achse=510mm, Y-Achse=450mm<br \/>- Maximales Probengewicht: 12 kg<br \/>- Methode zur Bewegungssteuerung: Joystick, Maus und Tastatur<br \/>- Navigationssystem:<br \/>- Konfiguration: Hikvision High Definition Kamera<br \/>- Software-System:<br \/>- Unabh\u00e4ngig entwickelt mit propriet\u00e4rem Software-Eigentum<br \/>- Funktionen: Automatische Bildeinstellung, automatische Navigation, Berechnungsfunktion, anpassbare Erkennungsalgorithmen, Standortbearbeitungsfunktion<br \/>- Parameter der Maschine:<br \/>- Gewicht: Ungef\u00e4hr 1650Kg<br \/>- Stromversorgung: 220V\/50Hz<br \/>- Maximale Leistung: 2.0KW<br \/>- Ausstattung Abmessungen: 1400mm(L) * 1350mm(B) * 1750mm(H)<br \/>- Strahlungsleckage-Dosis: &lt;0,5\u03bcSv\/h<\/p><p>- R\u00f6ntgen-Sicherheit: Strahlungsleckdosis &lt;0,5\u03bcSv\/h, Schutzmaterial des Geh\u00e4uses besteht aus einer Stahl-lead-Stahlstruktur, Frontt\u00fcrfenster verwendet lead-Glas zum Strahlenschutz, Sicherheitsverriegelung, Statusanzeigeleuchten, Ausnahmegenehmigung f\u00fcr Radioisotope und Strahlung devices<br \/>- Konfigurationsliste:<br \/>- R\u00f6ntgenquelle: 1 Satz (Hamamatsu, Japan, geschlossene Mikrofokus-R\u00f6ntgenquelle 130KV)<br \/>- Bildgebende Einheit: 1 St\u00fcck (iRAY, Amorphous Silizium-Flachbilddetektor 130mm * 130mm)<br \/>- Computer-Host: 1 St\u00fcck (Advantech Industriecomputer)<br \/>- Monitor: 1 St\u00fcck (24-Zoll-HD-Monitor)<br \/>- Pr\u00e4zisionssteuerungskomponenten: 1 Satz (Googol Motion Control Karte, Motor, etc.)<br \/>- Lead Room und Motion Parts: 1 Set (Eigene Rechte)<br \/>- Software: 1 Satz (eigene Rechte)<\/p>\t\t\t\t\t\t\t\t<\/div>\n\t\t\t\t<\/div>\n\t\t<div id=\"e-n-tab-content-1073431822\" role=\"tabpanel\" aria-labelledby=\"e-n-tab-title-1073431822\" data-tab-index=\"2\" style=\"--n-tabs-title-order: 2;\" class=\"elementor-element elementor-element-b348fe1 e-con-full e-flex e-con e-child\" data-id=\"b348fe1\" data-element_type=\"container\" data-e-type=\"container\" data-settings=\"{&quot;ekit_has_onepagescroll_dot&quot;:&quot;yes&quot;}\">\n\t\t\t\t<div class=\"elementor-element elementor-element-a2a5ab9 elementor-widget elementor-widget-video\" data-id=\"a2a5ab9\" data-element_type=\"widget\" data-e-type=\"widget\" data-settings=\"{&quot;youtube_url&quot;:&quot;https:\\\/\\\/www.youtube.com\\\/watch?v=WaNCJ-UYnao&quot;,&quot;video_type&quot;:&quot;youtube&quot;,&quot;controls&quot;:&quot;yes&quot;,&quot;ekit_we_effect_on&quot;:&quot;none&quot;}\" data-widget_type=\"video.default\">\n\t\t\t\t\t\t\t<div class=\"elementor-wrapper elementor-open-inline\">\n\t\t\t<div class=\"elementor-video\"><\/div>\t\t<\/div>\n\t\t\t\t\t\t<\/div>\n\t\t\t\t<\/div>\n\t\t\t\t\t<\/div>\n\t\t<\/div>\n\t\t\t\t\t\t<\/div>\n\t\t\t\t\t<\/div>\n\t\t\t\t<\/div>\n\t\t\t\t<\/div>","protected":false},"excerpt":{"rendered":"<p>Das DEZ-X7600 ist ein R\u00f6ntgenpr\u00fcfsystem f\u00fcr die zerst\u00f6rungsfreie Pr\u00fcfung von elektronischen Bauteilen und Leiterplatten. Es bietet hochaufl\u00f6sende Bildgebung und pr\u00e4zise Erkennungsfunktionen und ist damit ideal f\u00fcr die Qualit\u00e4tskontrolle und Fehleranalyse.<\/p>","protected":false},"featured_media":19412,"template":"","meta":{"_lmt_disableupdate":"no","_lmt_disable":"","site-sidebar-layout":"default","site-content-layout":"","ast-site-content-layout":"default","site-content-style":"default","site-sidebar-style":"default","ast-global-header-display":"","ast-banner-title-visibility":"","ast-main-header-display":"","ast-hfb-above-header-display":"","ast-hfb-below-header-display":"","ast-hfb-mobile-header-display":"","site-post-title":"","ast-breadcrumbs-content":"","ast-featured-img":"","footer-sml-layout":"","ast-disable-related-posts":"","theme-transparent-header-meta":"default","adv-header-id-meta":"","stick-header-meta":"default","header-above-stick-meta":"","header-main-stick-meta":"","header-below-stick-meta":"","astra-migrate-meta-layouts":"set","ast-page-background-enabled":"default","ast-page-background-meta":{"desktop":{"background-color":"","background-image":"","background-repeat":"repeat","background-position":"center center","background-size":"auto","background-attachment":"scroll","background-type":"","background-media":"","overlay-type":"","overlay-color":"","overlay-opacity":"","overlay-gradient":""},"tablet":{"background-color":"","background-image":"","background-repeat":"repeat","background-position":"center center","background-size":"auto","background-attachment":"scroll","background-type":"","background-media":"","overlay-type":"","overlay-color":"","overlay-opacity":"","overlay-gradient":""},"mobile":{"background-color":"","background-image":"","background-repeat":"repeat","background-position":"center center","background-size":"auto","background-attachment":"scroll","background-type":"","background-media":"","overlay-type":"","overlay-color":"","overlay-opacity":"","overlay-gradient":""}},"ast-content-background-meta":{"desktop":{"background-color":"var(--ast-global-color-5)","background-image":"","background-repeat":"repeat","background-position":"center center","background-size":"auto","background-attachment":"scroll","background-type":"","background-media":"","overlay-type":"","overlay-color":"","overlay-opacity":"","overlay-gradient":""},"tablet":{"background-color":"var(--ast-global-color-5)","background-image":"","background-repeat":"repeat","background-position":"center center","background-size":"auto","background-attachment":"scroll","background-type":"","background-media":"","overlay-type":"","overlay-color":"","overlay-opacity":"","overlay-gradient":""},"mobile":{"background-color":"var(--ast-global-color-5)","background-image":"","background-repeat":"repeat","background-position":"center center","background-size":"auto","background-attachment":"scroll","background-type":"","background-media":"","overlay-type":"","overlay-color":"","overlay-opacity":"","overlay-gradient":""}}},"product_brand":[],"product_cat":[105],"product_tag":[],"class_list":{"0":"post-17812","1":"product","2":"type-product","3":"status-publish","4":"has-post-thumbnail","6":"product_cat-x-ray-inspection-system","7":"desktop-align-left","8":"tablet-align-left","9":"mobile-align-left","10":"ast-product-gallery-layout-horizontal-slider","11":"ast-product-tabs-layout-horizontal","13":"first","14":"instock","15":"shipping-taxable","16":"purchasable","17":"product-type-simple"},"_links":{"self":[{"href":"https:\/\/dezsmt.com\/de\/wp-json\/wp\/v2\/product\/17812","targetHints":{"allow":["GET"]}}],"collection":[{"href":"https:\/\/dezsmt.com\/de\/wp-json\/wp\/v2\/product"}],"about":[{"href":"https:\/\/dezsmt.com\/de\/wp-json\/wp\/v2\/types\/product"}],"version-history":[{"count":1,"href":"https:\/\/dezsmt.com\/de\/wp-json\/wp\/v2\/product\/17812\/revisions"}],"predecessor-version":[{"id":19403,"href":"https:\/\/dezsmt.com\/de\/wp-json\/wp\/v2\/product\/17812\/revisions\/19403"}],"wp:featuredmedia":[{"embeddable":true,"href":"https:\/\/dezsmt.com\/de\/wp-json\/wp\/v2\/media\/19412"}],"wp:attachment":[{"href":"https:\/\/dezsmt.com\/de\/wp-json\/wp\/v2\/media?parent=17812"}],"wp:term":[{"taxonomy":"product_brand","embeddable":true,"href":"https:\/\/dezsmt.com\/de\/wp-json\/wp\/v2\/product_brand?post=17812"},{"taxonomy":"product_cat","embeddable":true,"href":"https:\/\/dezsmt.com\/de\/wp-json\/wp\/v2\/product_cat?post=17812"},{"taxonomy":"product_tag","embeddable":true,"href":"https:\/\/dezsmt.com\/de\/wp-json\/wp\/v2\/product_tag?post=17812"}],"curies":[{"name":"wp","href":"https:\/\/api.w.org\/{rel}","templated":true}]}}