{"id":17804,"date":"2025-05-05T14:47:00","date_gmt":"2025-05-05T06:47:00","guid":{"rendered":"https:\/\/dezsmt.com\/product-center\/dez-c1650-dry-ice-cleaning-machine\/"},"modified":"2025-12-04T18:08:14","modified_gmt":"2025-12-04T10:08:14","slug":"dez-c1650-dry-ice-cleaning-machine","status":"publish","type":"product","link":"https:\/\/dezsmt.com\/de\/product-center\/dez-c1650-dry-ice-cleaning-machine\/","title":{"rendered":"DEZ-C1650 Trockeneis-Reinigungsmaschine"},"content":{"rendered":"<div data-elementor-type=\"product-post\" data-elementor-id=\"17804\" class=\"elementor elementor-17804\" data-elementor-post-type=\"product\">\n\t\t\t\t<div class=\"elementor-element elementor-element-4319cd57 e-flex e-con-boxed e-con e-parent\" data-id=\"4319cd57\" data-element_type=\"container\" data-settings=\"{&quot;ekit_has_onepagescroll_dot&quot;:&quot;yes&quot;}\">\n\t\t\t\t\t<div class=\"e-con-inner\">\n\t\t\t\t<div class=\"elementor-element elementor-element-7e022c7b e-n-tabs-mobile elementor-widget elementor-widget-n-tabs\" data-id=\"7e022c7b\" data-element_type=\"widget\" data-settings=\"{&quot;tabs_justify_horizontal&quot;:&quot;stretch&quot;,&quot;horizontal_scroll&quot;:&quot;disable&quot;,&quot;ekit_we_effect_on&quot;:&quot;none&quot;}\" data-widget_type=\"nested-tabs.default\">\n\t\t\t\t\t\t\t<div class=\"e-n-tabs\" data-widget-number=\"2114071675\" aria-label=\"Registerkarten. \u00d6ffnen Sie Elemente mit Enter oder Space, schlie\u00dfen Sie sie mit Escape und navigieren Sie mit den Pfeiltasten.\">\n\t\t\t<div class=\"e-n-tabs-heading\" role=\"tablist\">\n\t\t\t\t\t<button id=\"e-n-tab-title-21140716751\" data-tab-title-id=\"e-n-tab-title-21140716751\" class=\"e-n-tab-title\" aria-selected=\"true\" data-tab-index=\"1\" role=\"tab\" tabindex=\"0\" aria-controls=\"e-n-tab-content-21140716751\" style=\"--n-tabs-title-order: 1;\">\n\t\t\t\t\t\t<span class=\"e-n-tab-title-text\">\n\t\t\t\t\u00dcbersicht\t\t\t<\/span>\n\t\t<\/button>\n\t\t\t\t<button id=\"e-n-tab-title-21140716752\" data-tab-title-id=\"e-n-tab-title-21140716752\" class=\"e-n-tab-title\" aria-selected=\"false\" data-tab-index=\"2\" role=\"tab\" tabindex=\"-1\" aria-controls=\"e-n-tab-content-21140716752\" style=\"--n-tabs-title-order: 2;\">\n\t\t\t\t\t\t<span class=\"e-n-tab-title-text\">\n\t\t\t\tAusgew\u00e4hlte Specs\t\t\t<\/span>\n\t\t<\/button>\n\t\t\t\t<button id=\"e-n-tab-title-21140716753\" data-tab-title-id=\"e-n-tab-title-21140716753\" class=\"e-n-tab-title\" aria-selected=\"false\" data-tab-index=\"3\" role=\"tab\" tabindex=\"-1\" aria-controls=\"e-n-tab-content-21140716753\" style=\"--n-tabs-title-order: 3;\">\n\t\t\t\t\t\t<span class=\"e-n-tab-title-text\">\n\t\t\t\tVideo\t\t\t<\/span>\n\t\t<\/button>\n\t\t\t\t\t<\/div>\n\t\t\t<div class=\"e-n-tabs-content\">\n\t\t\t\t<div id=\"e-n-tab-content-21140716751\" role=\"tabpanel\" aria-labelledby=\"e-n-tab-title-21140716751\" data-tab-index=\"1\" style=\"--n-tabs-title-order: 1;\" class=\"e-active elementor-element elementor-element-37ed79f4 e-flex e-con-boxed e-con e-child\" data-id=\"37ed79f4\" data-element_type=\"container\" data-settings=\"{&quot;ekit_has_onepagescroll_dot&quot;:&quot;yes&quot;}\">\n\t\t\t\t\t<div class=\"e-con-inner\">\n\t\t<div class=\"elementor-element elementor-element-13c92341 e-con-full e-flex e-con e-child\" data-id=\"13c92341\" data-element_type=\"container\" data-settings=\"{&quot;ekit_has_onepagescroll_dot&quot;:&quot;yes&quot;}\">\n\t\t\t\t<div class=\"elementor-element elementor-element-1cccabe9 elementor-widget elementor-widget-heading\" data-id=\"1cccabe9\" data-element_type=\"widget\" data-settings=\"{&quot;ekit_we_effect_on&quot;:&quot;none&quot;}\" data-widget_type=\"heading.default\">\n\t\t\t\t\t<h4 class=\"elementor-heading-title elementor-size-default\">1. Produkt\u00fcbersicht<\/h4>\t\t\t\t<\/div>\n\t\t\t\t<div class=\"elementor-element elementor-element-3dff2109 elementor-widget elementor-widget-text-editor\" data-id=\"3dff2109\" data-element_type=\"widget\" data-settings=\"{&quot;ekit_we_effect_on&quot;:&quot;none&quot;}\" data-widget_type=\"text-editor.default\">\n\t\t\t\t\t\t\t\t\t<p>Die DezSmart DEZ-C1650 Trockeneisreinigungsmaschine ist eine revolution\u00e4re industrielle Reinigungsl\u00f6sung, die Effizienz, Sicherheit und Nachhaltigkeit neu definiert. Durch die Verwendung von Trockeneis (festes Kohlendioxid, CO\u2082) als Reinigungsmedium wird eine trockene Dekontaminationsmethode angewandt, die direkt an den Produktionslinien funktioniert, ohne dass der Betrieb unterbrochen oder die Ausr\u00fcstung demontiert werden muss.<\/p><p>Trockeneispartikel mit einer Mohsh\u00e4rte von nur 2 (weicher als Materialien wie Kupfer oder Kalzit) sorgen f\u00fcr eine nicht-abrasive Reinigung, die die Toleranzen von Maschinen einschr\u00e4nkt und Sch\u00e4den an Lagern oder Oberfl\u00e4chen vermeidet. Nach dem Spr\u00fchen sublimiert das Trockeneis sofort (verwandelt sich von einem festen in einen gasf\u00f6rmigen Zustand) und hinterl\u00e4sst keine R\u00fcckst\u00e4nde oder Sekund\u00e4rabf\u00e4lle. Dadurch ist der DEZ-C1650 ideal f\u00fcr empfindliche oder Pr\u00e4zisionsreinigungsaufgaben geeignet, da er Kraft mit Sanftheit kombiniert und so hervorragende Ergebnisse liefert.<\/p>\t\t\t\t\t\t\t\t<\/div>\n\t\t\t\t<div class=\"elementor-element elementor-element-62934631 elementor-widget elementor-widget-heading\" data-id=\"62934631\" data-element_type=\"widget\" data-settings=\"{&quot;ekit_we_effect_on&quot;:&quot;none&quot;}\" data-widget_type=\"heading.default\">\n\t\t\t\t\t<h4 class=\"elementor-heading-title elementor-size-default\">2. Anwendungsbereich<\/h4>\t\t\t\t<\/div>\n\t\t\t\t<div class=\"elementor-element elementor-element-a645590 elementor-widget elementor-widget-image\" data-id=\"a645590\" data-element_type=\"widget\" data-settings=\"{&quot;ekit_we_effect_on&quot;:&quot;none&quot;}\" data-widget_type=\"image.default\">\n\t\t\t\t\t\t\t\t\t\t\t\t\t\t\t<img decoding=\"async\" width=\"1024\" height=\"576\" src=\"https:\/\/dezsmt.com\/wp-content\/uploads\/2025\/05\/\u5361\u5361\u622a\u56fe_2025-08-12-09_47_06.789-1024x576.png\" class=\"attachment-large size-large wp-image-18892\" alt=\"\" srcset=\"https:\/\/dezsmt.com\/wp-content\/uploads\/2025\/05\/\u5361\u5361\u622a\u56fe_2025-08-12-09_47_06.789-1024x576.png 1024w, https:\/\/dezsmt.com\/wp-content\/uploads\/2025\/05\/\u5361\u5361\u622a\u56fe_2025-08-12-09_47_06.789-300x169.png 300w, https:\/\/dezsmt.com\/wp-content\/uploads\/2025\/05\/\u5361\u5361\u622a\u56fe_2025-08-12-09_47_06.789-768x432.png 768w, https:\/\/dezsmt.com\/wp-content\/uploads\/2025\/05\/\u5361\u5361\u622a\u56fe_2025-08-12-09_47_06.789-18x10.png 18w, https:\/\/dezsmt.com\/wp-content\/uploads\/2025\/05\/\u5361\u5361\u622a\u56fe_2025-08-12-09_47_06.789-600x338.png 600w, https:\/\/dezsmt.com\/wp-content\/uploads\/2025\/05\/\u5361\u5361\u622a\u56fe_2025-08-12-09_47_06.789.png 1258w\" sizes=\"(max-width: 1024px) 100vw, 1024px\" title=\"\">\t\t\t\t\t\t\t\t\t\t\t\t\t\t\t<\/div>\n\t\t\t\t<div class=\"elementor-element elementor-element-600a8861 elementor-widget elementor-widget-text-editor\" data-id=\"600a8861\" data-element_type=\"widget\" data-settings=\"{&quot;ekit_we_effect_on&quot;:&quot;none&quot;}\" data-widget_type=\"text-editor.default\">\n\t\t\t\t\t\t\t\t\t<div class=\"auto-hide-last-sibling-br paragraph-JOTKXA paragraph-element br-paragraph-space\"><div class=\"auto-hide-last-sibling-br paragraph-JOTKXA paragraph-element br-paragraph-space\">Der DEZ-C1650 ist vielseitig einsetzbar und eignet sich f\u00fcr die Bek\u00e4mpfung verschiedener Schadstoffe in unterschiedlichen Szenarien:<\/div><p>\u00a0<\/p><ul class=\"auto-hide-last-sibling-br\"><li><strong>Schl\u00fcsselindustrien<\/strong>: Automobilbau, industrielle Formenwartung, petrochemische Verarbeitung, Druckerei, Elektronikproduktion, Nuklearindustrie und allgemeine Fertigung.<\/li><li><strong>Spezifische Reinigungsobjekte<\/strong>:<br \/><ul class=\"auto-hide-last-sibling-br\"><li>Industrieformen (Entfernen von Harz, Trennmitteln und R\u00fcckst\u00e4nden)<\/li><li>PCBA und elektronische Bauteile (Flussmittel, Staub und L\u00f6tmittelr\u00fcckst\u00e4nde)<\/li><li>Kfz-Teile (Motor- und Reifenformen sowie Verunreinigungen der Metalloberfl\u00e4che)<\/li><li>Wellenl\u00f6tvorrichtungen und Kunststofffr\u00e4sstifte<\/li><li>Metallteile mit \u00d6lflecken, hochwertige Netzteile und Heizkessel<\/li><\/ul><\/li><\/ul><\/div>\t\t\t\t\t\t\t\t<\/div>\n\t\t\t\t<div class=\"elementor-element elementor-element-3b420e50 elementor-widget elementor-widget-heading\" data-id=\"3b420e50\" data-element_type=\"widget\" data-settings=\"{&quot;ekit_we_effect_on&quot;:&quot;none&quot;}\" data-widget_type=\"heading.default\">\n\t\t\t\t\t<h4 class=\"elementor-heading-title elementor-size-default\">3. Arbeitsprozess<\/h4>\t\t\t\t<\/div>\n\t\t\t\t<div class=\"elementor-element elementor-element-fa3d3a3 elementor-widget elementor-widget-image\" data-id=\"fa3d3a3\" data-element_type=\"widget\" data-settings=\"{&quot;ekit_we_effect_on&quot;:&quot;none&quot;}\" data-widget_type=\"image.default\">\n\t\t\t\t\t\t\t\t\t\t\t\t\t\t\t<img decoding=\"async\" src=\"https:\/\/dezsmt.com\/wp-content\/uploads\/elementor\/thumbs\/\u539f\u7406-ra4ngz2hrdy4fq1awvrdxewgndvc44inrzj633ygso.jpg\" title=\"\u539f\u7406\" alt=\"\u539f\u7406\" loading=\"lazy\" \/>\t\t\t\t\t\t\t\t\t\t\t\t\t\t\t<\/div>\n\t\t\t\t<div class=\"elementor-element elementor-element-72197aff elementor-widget elementor-widget-text-editor\" data-id=\"72197aff\" data-element_type=\"widget\" data-settings=\"{&quot;ekit_we_effect_on&quot;:&quot;none&quot;}\" data-widget_type=\"text-editor.default\">\n\t\t\t\t\t\t\t\t\t<p>Der DEZ-C1650 reinigt durch drei synergetische Effekte und gew\u00e4hrleistet eine gr\u00fcndliche Dekontamination:<\/p><ul><li>Mechanischer Aufprall: Trockeneispartikel werden mit Geschwindigkeiten von bis zu 150 m\/s aus der Reinigungspistole geschleudert und l\u00f6sen beim Aufprall Oberfl\u00e4chenverunreinigungen ab.<\/li><li>Gefrieren bei niedrigen Temperaturen: Bei -78,5 \u00b0C friert Trockeneis sofort ein und verspr\u00f6det Verunreinigungen (z. B. Fett, Klebstoffe), so dass sie sich leichter abl\u00f6sen lassen - besonders effektiv bei hei\u00dfen Formen.<\/li><li>Sublimationsexplosion: Wenn Trockeneis mit der Oberfl\u00e4che in Ber\u00fchrung kommt, sublimiert es schnell und vergr\u00f6\u00dfert sein Volumen um das 800-fache. Diese explosive Ausdehnung erzeugt eine Mikroschockwelle, die Verunreinigungen von der Oberfl\u00e4che abl\u00f6st und keine Spuren hinterl\u00e4sst.<\/li><\/ul><p>Der Prozess ist einstellbar: Spr\u00fchdruck (0,1-0,8 MPa) und Trockeneisaussto\u00df (0,1-0,6 kg\/min) k\u00f6nnen auf unterschiedliche Reinigungsanforderungen abgestimmt werden, wobei die kontinuierliche Bespr\u00fchung desselben Bereichs auf 2 Sekunden begrenzt ist, um Temperaturabf\u00e4lle \u00fcber 20 \u00b0C zu vermeiden.<\/p>\t\t\t\t\t\t\t\t<\/div>\n\t\t\t\t<div class=\"elementor-element elementor-element-73817b35 elementor-widget elementor-widget-heading\" data-id=\"73817b35\" data-element_type=\"widget\" data-settings=\"{&quot;ekit_we_effect_on&quot;:&quot;none&quot;}\" data-widget_type=\"heading.default\">\n\t\t\t\t\t<h4 class=\"elementor-heading-title elementor-size-default\">4. Zentrale Vorteile<\/h4>\t\t\t\t<\/div>\n\t\t\t\t<div class=\"elementor-element elementor-element-3f9e38b3 elementor-widget elementor-widget-text-editor\" data-id=\"3f9e38b3\" data-element_type=\"widget\" data-settings=\"{&quot;ekit_we_effect_on&quot;:&quot;none&quot;}\" data-widget_type=\"text-editor.default\">\n\t\t\t\t\t\t\t\t\t<p>Im Vergleich zu herk\u00f6mmlichen Reinigungsmethoden zeichnet sich der DEZ-C1650 durch un\u00fcbertroffene Vorteile aus:<\/p><ul><li>Zerst\u00f6rungsfreie Reinigung: Eine Mohs-H\u00e4rte von 2 gew\u00e4hrleistet, dass Oberfl\u00e4chen, Toleranzen oder Maschinen nicht abgeschliffen oder besch\u00e4digt werden - im Gegensatz zu Sandstrahlen oder Sodareinigung.<\/li><li>Null Sekund\u00e4rabfall: Trockeneis sublimiert zu CO\u2082 und hinterl\u00e4sst keine R\u00fcckst\u00e4nde. Es muss kein Abwasser oder Abfall entsorgt werden (im Gegensatz zu Hochdruckwasser oder chemischer Reinigung).<\/li><li>Umweltfreundlich und sicher: Verwendet ungiftiges CO\u2082 und erf\u00fcllt die USDA\/FDA\/EPA-Normen. Keine Exposition gegen\u00fcber sch\u00e4dlichen Chemikalien (im Gegensatz zur Reinigung mit L\u00f6sungsmitteln).<\/li><li>Trockenes Verfahren: Keine Feuchtigkeit bedeutet kein Risiko f\u00fcr Elektronik, Dr\u00e4hte oder Schalter. Verringert das Bakterienwachstum in lebensmitteltauglichen Umgebungen (im Gegensatz zu Methoden auf Wasserbasis).<\/li><li>Hohe Effizienz: Erm\u00f6glicht eine Inline-Reinigung und verk\u00fcrzt die Ausfallzeiten, da keine Demontage-, K\u00fchl- oder Trocknungsschritte erforderlich sind (im Gegensatz zu manuellen oder herk\u00f6mmlichen Methoden).<\/li><li>Kostenersparnis Nur der Luftkompressor verbraucht Strom; keine laufenden Kosten f\u00fcr die Entsorgung des Reinigungsmittels (Trockeneis sublimiert auf nat\u00fcrliche Weise).<\/li><li>Vielseitigkeit: Die austauschbaren D\u00fcsen und die einstellbaren Parameter (Druck, Eisaussto\u00df) passen sich den unterschiedlichsten Aufgaben an, von empfindlicher Elektronik bis zu schweren Maschinen.<\/li><\/ul>\t\t\t\t\t\t\t\t<\/div>\n\t\t\t\t<div class=\"elementor-element elementor-element-3b477755 elementor-widget elementor-widget-heading\" data-id=\"3b477755\" data-element_type=\"widget\" data-settings=\"{&quot;ekit_we_effect_on&quot;:&quot;none&quot;}\" data-widget_type=\"heading.default\">\n\t\t\t\t\t<h4 class=\"elementor-heading-title elementor-size-default\">5. Produktstruktur<\/h4>\t\t\t\t<\/div>\n\t\t\t\t<div class=\"elementor-element elementor-element-6e1a1363 elementor-widget elementor-widget-text-editor\" data-id=\"6e1a1363\" data-element_type=\"widget\" data-settings=\"{&quot;ekit_we_effect_on&quot;:&quot;none&quot;}\" data-widget_type=\"text-editor.default\">\n\t\t\t\t\t\t\t\t\t<p>Der DEZ-C1650 ist auf Langlebigkeit, Kontrolle und Kompaktheit ausgelegt:<\/p>\t\t\t\t\t\t\t\t<\/div>\n\t\t\t\t<div class=\"elementor-element elementor-element-1fab212e elementor-widget elementor-widget-text-editor\" data-id=\"1fab212e\" data-element_type=\"widget\" data-settings=\"{&quot;ekit_we_effect_on&quot;:&quot;none&quot;}\" data-widget_type=\"text-editor.default\">\n\t\t\t\t\t\t\t\t\t<p><strong>a.Schl\u00fcsselparameter:<\/strong><\/p><ul class=\"auto-hide-last-sibling-br\"><li>Stromversorgung: AC220V (50-60HZ)<\/li><li>Leistung: 0,25KW (energieeffizient)<\/li><li>Fassungsverm\u00f6gen des Trichters: 5-10 kg (Trockeneislagerung)<\/li><li>Trockeneis-Spez: 140<em>125<\/em>250mm (\u22485Kg pro Block)<\/li><li>Spr\u00fchleistung: 0.1-0.6KG\/min (einstellbar)<\/li><li>Abmessungen: L590<em>W400<\/em>H515mm (kompaktes Design f\u00fcr enge R\u00e4ume)<\/li><li>Gewicht: 50KG<\/li><li>Luftdruck: 0.1~0.8Mpa (einstellbar f\u00fcr Pr\u00e4zision)<\/li><\/ul><div class=\"auto-hide-last-sibling-br paragraph-JOTKXA paragraph-element br-paragraph-space\"><strong>b.Kontrollfunktionen<\/strong>: Ausgestattet mit einem user-freundlichen Bedienfeld zur Druck\u00fcberwachung in Echtzeit, Einstellung der Eisleistung und einem b\u00fcrstenlosen Motor f\u00fcr stabilen Betrieb. Die Niedertemperatur-Eisleitung (1\/2\u2033) gew\u00e4hrleistet eine effiziente Trockeneisabgabe.<\/div><p>\u00a0<\/p>\t\t\t\t\t\t\t\t<\/div>\n\t\t\t\t<\/div>\n\t\t\t\t<div class=\"elementor-element elementor-element-79162f64 elementor-widget elementor-widget-heading\" data-id=\"79162f64\" data-element_type=\"widget\" data-settings=\"{&quot;ekit_we_effect_on&quot;:&quot;none&quot;}\" data-widget_type=\"heading.default\">\n\t\t\t\t\t<h4 class=\"elementor-heading-title elementor-size-default\">6. arbeitsfall<\/h4>\t\t\t\t<\/div>\n\t\t\t\t<div class=\"elementor-element elementor-element-29493189 elementor-widget elementor-widget-text-editor\" data-id=\"29493189\" data-element_type=\"widget\" data-settings=\"{&quot;ekit_we_effect_on&quot;:&quot;none&quot;}\" data-widget_type=\"text-editor.default\">\n\t\t\t\t\t\t\t\t\t<div class=\"auto-hide-last-sibling-br paragraph-JOTKXA paragraph-element br-paragraph-space\">Der DEZ-C1650 liefert bei allen Anwendungen sichtbare Ergebnisse:<\/div><ol class=\"auto-hide-last-sibling-br\"><li><strong>Schimmelpilz-Reinigung<\/strong>: Eine mit Harzresten verunreinigte Kunststoffspritzgussform wurde in 5 Minuten gereinigt. Nach der Reinigung war die Oberfl\u00e4che der Form frei von Ablagerungen, was die Fehlerquote bei nachfolgenden Produktionsl\u00e4ufen reduzierte.<\/li><li><strong>Kesselreinigung<\/strong>: Ein Industriekessel mit Kohlenstoffablagerungen wurde mit einer Trockeneismenge von 0,4 kg\/min bei einem Druck von 0,6 MPa behandelt. Nach 8 Minuten zeigten die Kesselrohre eine wiederhergestellte W\u00e4rme\u00fcbertragungseffizienz, ohne dass die Metalloberfl\u00e4chen besch\u00e4digt wurden.<\/li><li><strong>PCBA-Reinigung<\/strong>: Flussmittelr\u00fcckst\u00e4nde auf elektronischen Leiterplatten wurden entfernt, ohne die Bauteile zu besch\u00e4digen - ein entscheidender Faktor f\u00fcr die Aufrechterhaltung der Leitf\u00e4higkeit und die Vermeidung von Kurzschl\u00fcssen.<\/li><\/ol>\t\t\t\t\t\t\t\t<\/div>\n\t\t\t\t<div class=\"elementor-element elementor-element-60a6077 elementor-widget-divider--view-line elementor-widget elementor-widget-divider\" data-id=\"60a6077\" data-element_type=\"widget\" data-settings=\"{&quot;ekit_we_effect_on&quot;:&quot;none&quot;}\" data-widget_type=\"divider.default\">\n\t\t\t\t\t\t\t<div class=\"elementor-divider\">\n\t\t\t<span class=\"elementor-divider-separator\">\n\t\t\t\t\t\t<\/span>\n\t\t<\/div>\n\t\t\t\t\t\t<\/div>\n\t\t\t\t<div class=\"elementor-element elementor-element-6d5d3a2 elementor-widget elementor-widget-text-editor\" data-id=\"6d5d3a2\" data-element_type=\"widget\" data-settings=\"{&quot;ekit_we_effect_on&quot;:&quot;none&quot;}\" data-widget_type=\"text-editor.default\">\n\t\t\t\t\t\t\t\t\t<p>Die DezSmart DEZ-C1650 Trockeneisreinigungsmaschine kombiniert Leistung, Sicherheit und Nachhaltigkeit, um industrielle Reinigungsaufgaben zu l\u00f6sen. Ganz gleich, ob Sie Formen ohne Demontage reinigen, Elektronik sicher dekontaminieren oder Ausfallzeiten in Produktionslinien reduzieren m\u00fcssen, sie bietet un\u00fcbertroffene Effizienz und Kosteneinsparungen.<\/p><p>Sind Sie bereit, Ihren Reinigungsprozess zu verbessern? Besuchen Sie <span style=\"color: #33cccc;\"><a style=\"color: #33cccc;\" href=\"https:\/\/dezsmt.com\/de\/\">www.dezsmt.com<\/a><\/span> um mehr zu erfahren oder eine Demo anzufordern. Erleben Sie die Zukunft der industriellen Reinigung noch heute.<\/p>\t\t\t\t\t\t\t\t<\/div>\n\t\t\t\t\t<\/div>\n\t\t\t\t<\/div>\n\t\t<div id=\"e-n-tab-content-21140716752\" role=\"tabpanel\" aria-labelledby=\"e-n-tab-title-21140716752\" data-tab-index=\"2\" style=\"--n-tabs-title-order: 2;\" class=\"elementor-element elementor-element-436dde81 e-con-full e-flex e-con e-child\" data-id=\"436dde81\" data-element_type=\"container\" data-settings=\"{&quot;ekit_has_onepagescroll_dot&quot;:&quot;yes&quot;}\">\n\t\t\t\t<div class=\"elementor-element elementor-element-588090f6 elementor-widget elementor-widget-text-editor\" data-id=\"588090f6\" data-element_type=\"widget\" data-settings=\"{&quot;ekit_we_effect_on&quot;:&quot;none&quot;}\" data-widget_type=\"text-editor.default\">\n\t\t\t\t\t\t\t\t\t<p>\n<table id=\"tablepress-57\" class=\"tablepress tablepress-id-57\">\n<thead>\n<tr class=\"row-1\">\n\t<th class=\"column-1\">Modell<\/th><th class=\"column-2\">DEZ-C1650<\/th>\n<\/tr>\n<\/thead>\n<tbody class=\"row-striping row-hover\">\n<tr class=\"row-2\">\n\t<td class=\"column-1\">Stromzufuhr<\/td><td class=\"column-2\">AC220V\uff0850-60HZ\uff09<\/td>\n<\/tr>\n<tr class=\"row-3\">\n\t<td class=\"column-1\">Strom<\/td><td class=\"column-2\">0,25KW<\/td>\n<\/tr>\n<tr class=\"row-4\">\n\t<td class=\"column-1\">Fassungsverm\u00f6gen des Trichters<\/td><td class=\"column-2\">5-10Kg<\/td>\n<\/tr>\n<tr class=\"row-5\">\n\t<td class=\"column-1\">Kapazit\u00e4t von Trockeneis<\/td><td class=\"column-2\">140*125*250MM (Etwa 5Kg)<\/td>\n<\/tr>\n<tr class=\"row-6\">\n\t<td class=\"column-1\">Trockeneis-Spr\u00fchmenge<\/td><td class=\"column-2\">0.1-0.6KG\/min (einstellbar)<\/td>\n<\/tr>\n<tr class=\"row-7\">\n\t<td class=\"column-1\">Gr\u00f6\u00dfe\/Gewicht der Maschine<\/td><td class=\"column-2\">L590*W400*H515\uff08mm\uff09\/50KG<\/td>\n<\/tr>\n<tr class=\"row-8\">\n\t<td class=\"column-1\">EisrohrGTL<\/td><td class=\"column-2\">1\/2 Trockeneis mit niedriger Temperatur<\/td>\n<\/tr>\n<tr class=\"row-9\">\n\t<td class=\"column-1\">Gasfluss\/Druck<\/td><td class=\"column-2\">0.5-4.0\u00b3\/min \/0.1~0.8Mpa\uff08einstellbar\uff09<\/td>\n<\/tr>\n<tr class=\"row-10\">\n\t<td class=\"column-1\">Schutzgrad gegen Eindringen<\/td><td class=\"column-2\">IP55<\/td>\n<\/tr>\n<\/tbody>\n<\/table>\n<!-- #tablepress-57 from cache --><\/p>\t\t\t\t\t\t\t\t<\/div>\n\t\t\t\t<\/div>\n\t\t<div id=\"e-n-tab-content-21140716753\" role=\"tabpanel\" aria-labelledby=\"e-n-tab-title-21140716753\" data-tab-index=\"3\" style=\"--n-tabs-title-order: 3;\" class=\"elementor-element elementor-element-793db18d e-con-full e-flex e-con e-child\" data-id=\"793db18d\" data-element_type=\"container\" data-settings=\"{&quot;ekit_has_onepagescroll_dot&quot;:&quot;yes&quot;}\">\n\t\t\t\t<div class=\"elementor-element elementor-element-28e6fa1e elementor-widget elementor-widget-video\" data-id=\"28e6fa1e\" data-element_type=\"widget\" data-settings=\"{&quot;youtube_url&quot;:&quot;https:\\\/\\\/www.youtube.com\\\/watch?v=C_T1_kKHfLQ&amp;t=63s&quot;,&quot;video_type&quot;:&quot;youtube&quot;,&quot;controls&quot;:&quot;yes&quot;,&quot;ekit_we_effect_on&quot;:&quot;none&quot;}\" data-widget_type=\"video.default\">\n\t\t\t\t\t\t\t<div class=\"elementor-wrapper elementor-open-inline\">\n\t\t\t<div class=\"elementor-video\"><\/div>\t\t<\/div>\n\t\t\t\t\t\t<\/div>\n\t\t\t\t<\/div>\n\t\t\t\t\t<\/div>\n\t\t<\/div>\n\t\t\t\t\t\t<\/div>\n\t\t\t\t\t<\/div>\n\t\t\t\t<\/div>\n\t\t\t\t<\/div>","protected":false},"excerpt":{"rendered":"<p>Die DEZ-C1650 ist eine Trockeneisreinigungsmaschine f\u00fcr die industrielle Reinigung. Sie bietet eine nicht scheuernde, ungiftige und umweltfreundliche Reinigungsl\u00f6sung und ist damit ideal f\u00fcr verschiedene Branchen.<\/p>","protected":false},"featured_media":19379,"template":"","meta":{"_lmt_disableupdate":"no","_lmt_disable":"","site-sidebar-layout":"default","site-content-layout":"","ast-site-content-layout":"default","site-content-style":"default","site-sidebar-style":"default","ast-global-header-display":"","ast-banner-title-visibility":"","ast-main-header-display":"","ast-hfb-above-header-display":"","ast-hfb-below-header-display":"","ast-hfb-mobile-header-display":"","site-post-title":"","ast-breadcrumbs-content":"","ast-featured-img":"","footer-sml-layout":"","ast-disable-related-posts":"","theme-transparent-header-meta":"default","adv-header-id-meta":"","stick-header-meta":"default","header-above-stick-meta":"","header-main-stick-meta":"","header-below-stick-meta":"","astra-migrate-meta-layouts":"set","ast-page-background-enabled":"default","ast-page-background-meta":{"desktop":{"background-color":"","background-image":"","background-repeat":"repeat","background-position":"center center","background-size":"auto","background-attachment":"scroll","background-type":"","background-media":"","overlay-type":"","overlay-color":"","overlay-opacity":"","overlay-gradient":""},"tablet":{"background-color":"","background-image":"","background-repeat":"repeat","background-position":"center center","background-size":"auto","background-attachment":"scroll","background-type":"","background-media":"","overlay-type":"","overlay-color":"","overlay-opacity":"","overlay-gradient":""},"mobile":{"background-color":"","background-image":"","background-repeat":"repeat","background-position":"center center","background-size":"auto","background-attachment":"scroll","background-type":"","background-media":"","overlay-type":"","overlay-color":"","overlay-opacity":"","overlay-gradient":""}},"ast-content-background-meta":{"desktop":{"background-color":"var(--ast-global-color-5)","background-image":"","background-repeat":"repeat","background-position":"center center","background-size":"auto","background-attachment":"scroll","background-type":"","background-media":"","overlay-type":"","overlay-color":"","overlay-opacity":"","overlay-gradient":""},"tablet":{"background-color":"var(--ast-global-color-5)","background-image":"","background-repeat":"repeat","background-position":"center center","background-size":"auto","background-attachment":"scroll","background-type":"","background-media":"","overlay-type":"","overlay-color":"","overlay-opacity":"","overlay-gradient":""},"mobile":{"background-color":"var(--ast-global-color-5)","background-image":"","background-repeat":"repeat","background-position":"center center","background-size":"auto","background-attachment":"scroll","background-type":"","background-media":"","overlay-type":"","overlay-color":"","overlay-opacity":"","overlay-gradient":""}}},"product_brand":[],"product_cat":[109],"product_tag":[],"class_list":{"0":"post-17804","1":"product","2":"type-product","3":"status-publish","4":"has-post-thumbnail","6":"product_cat-dry-ice-cleaning-machine","7":"desktop-align-left","8":"tablet-align-left","9":"mobile-align-left","10":"ast-product-gallery-layout-horizontal-slider","11":"ast-product-tabs-layout-horizontal","13":"first","14":"instock","15":"shipping-taxable","16":"purchasable","17":"product-type-simple"},"_links":{"self":[{"href":"https:\/\/dezsmt.com\/de\/wp-json\/wp\/v2\/product\/17804","targetHints":{"allow":["GET"]}}],"collection":[{"href":"https:\/\/dezsmt.com\/de\/wp-json\/wp\/v2\/product"}],"about":[{"href":"https:\/\/dezsmt.com\/de\/wp-json\/wp\/v2\/types\/product"}],"version-history":[{"count":4,"href":"https:\/\/dezsmt.com\/de\/wp-json\/wp\/v2\/product\/17804\/revisions"}],"predecessor-version":[{"id":18906,"href":"https:\/\/dezsmt.com\/de\/wp-json\/wp\/v2\/product\/17804\/revisions\/18906"}],"wp:featuredmedia":[{"embeddable":true,"href":"https:\/\/dezsmt.com\/de\/wp-json\/wp\/v2\/media\/19379"}],"wp:attachment":[{"href":"https:\/\/dezsmt.com\/de\/wp-json\/wp\/v2\/media?parent=17804"}],"wp:term":[{"taxonomy":"product_brand","embeddable":true,"href":"https:\/\/dezsmt.com\/de\/wp-json\/wp\/v2\/product_brand?post=17804"},{"taxonomy":"product_cat","embeddable":true,"href":"https:\/\/dezsmt.com\/de\/wp-json\/wp\/v2\/product_cat?post=17804"},{"taxonomy":"product_tag","embeddable":true,"href":"https:\/\/dezsmt.com\/de\/wp-json\/wp\/v2\/product_tag?post=17804"}],"curies":[{"name":"wp","href":"https:\/\/api.w.org\/{rel}","templated":true}]}}