{"id":17797,"date":"2025-05-05T14:46:57","date_gmt":"2025-05-05T06:46:57","guid":{"rendered":"https:\/\/dezsmt.com\/product-center\/dez-c730-pneumatic-stencil-cleaning-machine\/"},"modified":"2025-12-04T17:27:55","modified_gmt":"2025-12-04T09:27:55","slug":"dez-c730-pneumatic-stencil-cleaning-machine","status":"publish","type":"product","link":"https:\/\/dezsmt.com\/de\/product-center\/dez-c730-pneumatic-stencil-cleaning-machine\/","title":{"rendered":"DEZ-C730 Pneumatische Schablonenreinigungsmaschine"},"content":{"rendered":"<div data-elementor-type=\"product-post\" data-elementor-id=\"17797\" class=\"elementor elementor-17797\" data-elementor-post-type=\"product\">\n\t\t\t\t<div class=\"elementor-element elementor-element-3448ddf3 e-flex e-con-boxed e-con e-parent\" data-id=\"3448ddf3\" data-element_type=\"container\" data-e-type=\"container\" data-settings=\"{&quot;ekit_has_onepagescroll_dot&quot;:&quot;yes&quot;}\">\n\t\t\t\t\t<div class=\"e-con-inner\">\n\t\t\t\t<div class=\"elementor-element elementor-element-3fe4981 e-n-tabs-mobile elementor-widget elementor-widget-n-tabs\" data-id=\"3fe4981\" data-element_type=\"widget\" data-e-type=\"widget\" data-settings=\"{&quot;tabs_justify_horizontal&quot;:&quot;stretch&quot;,&quot;horizontal_scroll&quot;:&quot;disable&quot;,&quot;ekit_we_effect_on&quot;:&quot;none&quot;}\" data-widget_type=\"nested-tabs.default\">\n\t\t\t\t\t\t\t<div class=\"e-n-tabs\" data-widget-number=\"66996609\" aria-label=\"Registerkarten. \u00d6ffnen Sie Elemente mit Enter oder Space, schlie\u00dfen Sie sie mit Escape und navigieren Sie mit den Pfeiltasten.\">\n\t\t\t<div class=\"e-n-tabs-heading\" role=\"tablist\">\n\t\t\t\t\t<button id=\"e-n-tab-title-669966091\" data-tab-title-id=\"e-n-tab-title-669966091\" class=\"e-n-tab-title\" aria-selected=\"true\" data-tab-index=\"1\" role=\"tab\" tabindex=\"0\" aria-controls=\"e-n-tab-content-669966091\" style=\"--n-tabs-title-order: 1;\">\n\t\t\t\t\t\t<span class=\"e-n-tab-title-text\">\n\t\t\t\t\u00dcbersicht\t\t\t<\/span>\n\t\t<\/button>\n\t\t\t\t<button id=\"e-n-tab-title-669966092\" data-tab-title-id=\"e-n-tab-title-669966092\" class=\"e-n-tab-title\" aria-selected=\"false\" data-tab-index=\"2\" role=\"tab\" tabindex=\"-1\" aria-controls=\"e-n-tab-content-669966092\" style=\"--n-tabs-title-order: 2;\">\n\t\t\t\t\t\t<span class=\"e-n-tab-title-text\">\n\t\t\t\tSpezifische Merkmale\t\t\t<\/span>\n\t\t<\/button>\n\t\t\t\t<button id=\"e-n-tab-title-669966093\" data-tab-title-id=\"e-n-tab-title-669966093\" class=\"e-n-tab-title\" aria-selected=\"false\" data-tab-index=\"3\" role=\"tab\" tabindex=\"-1\" aria-controls=\"e-n-tab-content-669966093\" style=\"--n-tabs-title-order: 3;\">\n\t\t\t\t\t\t<span class=\"e-n-tab-title-text\">\n\t\t\t\tVideo\t\t\t<\/span>\n\t\t<\/button>\n\t\t\t\t\t<\/div>\n\t\t\t<div class=\"e-n-tabs-content\">\n\t\t\t\t<div id=\"e-n-tab-content-669966091\" role=\"tabpanel\" aria-labelledby=\"e-n-tab-title-669966091\" data-tab-index=\"1\" style=\"--n-tabs-title-order: 1;\" class=\"e-active elementor-element elementor-element-0506d16 e-con-full e-flex e-con e-child\" data-id=\"0506d16\" data-element_type=\"container\" data-e-type=\"container\" data-settings=\"{&quot;ekit_has_onepagescroll_dot&quot;:&quot;yes&quot;}\">\n\t\t\t\t<div class=\"elementor-element elementor-element-dd77363 elementor-widget elementor-widget-heading\" data-id=\"dd77363\" data-element_type=\"widget\" data-e-type=\"widget\" data-settings=\"{&quot;ekit_we_effect_on&quot;:&quot;none&quot;}\" data-widget_type=\"heading.default\">\n\t\t\t\t\t<h4 class=\"elementor-heading-title elementor-size-default\">Die wichtigsten Vorteile:<\/h4>\t\t\t\t<\/div>\n\t\t\t\t<div class=\"elementor-element elementor-element-2e12587 elementor-widget elementor-widget-text-editor\" data-id=\"2e12587\" data-element_type=\"widget\" data-e-type=\"widget\" data-settings=\"{&quot;ekit_we_effect_on&quot;:&quot;none&quot;}\" data-widget_type=\"text-editor.default\">\n\t\t\t\t\t\t\t\t\t<ul><li>Hervorragende Sicherheitsleistung: Er wird ausschlie\u00dflich mit Druckluft betrieben, ohne jegliche Stromzufuhr, wodurch die Sicherheitsrisiken, die durch die Verwendung von Strom entstehen, eliminiert werden.<\/li><li>Hohe Effizienz, Umweltschutz und Wirtschaftlichkeit: Die Reinigungsfl\u00fcssigkeit kann wiederverwendet werden, was den Fl\u00fcssigkeitsverbrauch und die Kosten erheblich senkt und den Kontakt des Bedieners mit der Fl\u00fcssigkeit reduziert, wodurch die Gefahr f\u00fcr den menschlichen K\u00f6rper verringert wird; das Geh\u00e4use aus rostfreiem Stahl ist verschlei\u00dffest und korrosionsbest\u00e4ndig und entspricht den Umweltschutznormen.<\/li><li>Stabil und langlebig: Alle Schl\u00fcsselkomponenten sind importierte Marken, die einen stabilen Betrieb und eine lange service Lebensdauer des Ger\u00e4ts gew\u00e4hrleisten und die Kosten f\u00fcr den Kundendienst service nach Ablauf der Garantiezeit reduzieren.<\/li><li>Einfach zu bedienen: Humanisiertes Design, Ein-Knopf-Bedienung kann den gesamten Reinigungs- und Trocknungsprozess abschlie\u00dfen, was einfach und bequem ist, kann die Konsistenz der Reinigungswirkung gew\u00e4hrleisten und die Produktionseffizienz verbessern.<\/li><\/ul>\t\t\t\t\t\t\t\t<\/div>\n\t\t\t\t<div class=\"elementor-element elementor-element-81cc7b0 elementor-widget elementor-widget-heading\" data-id=\"81cc7b0\" data-element_type=\"widget\" data-e-type=\"widget\" data-settings=\"{&quot;ekit_we_effect_on&quot;:&quot;none&quot;}\" data-widget_type=\"heading.default\">\n\t\t\t\t\t<h4 class=\"elementor-heading-title elementor-size-default\">Arbeitsablauf und Kernfunktionen:<\/h4>\t\t\t\t<\/div>\n\t\t\t\t<div class=\"elementor-element elementor-element-56e9fc5 elementor-widget elementor-widget-text-editor\" data-id=\"56e9fc5\" data-element_type=\"widget\" data-e-type=\"widget\" data-settings=\"{&quot;ekit_we_effect_on&quot;:&quot;none&quot;}\" data-widget_type=\"text-editor.default\">\n\t\t\t\t\t\t\t\t\t<p>Arbeitsablauf:<\/p><ul><li>Der Bediener legt das zu reinigende Sieb manuell in die Reinigungskammer, um sicherzustellen, dass es sicher platziert ist.<\/li><li>Je nach Verschmutzungsgrad und Material des Siebs die Reinigungszeit (normalerweise 2-8 Minuten) und die Lufttrocknungszeit (normalerweise 2-8 Minuten) am Ger\u00e4t einstellen.<\/li><li>Nach Bet\u00e4tigung des Startschalters schlie\u00dft das Ger\u00e4t automatisch die Reinigungskammer und geht in den vollautomatischen Betrieb \u00fcber: Zun\u00e4chst wird das Sieb durch Rotation der D\u00fcse beidseitig mit Hochdruck gereinigt, nach Abschluss der Reinigung wird automatisch in den Lufttrocknungsmodus umgeschaltet und das Sieb mit Druckluft trocken geblasen.<\/li><li>Wenn die eingestellte Gesamtlaufzeit erreicht ist, stoppt das Ger\u00e4t automatisch den Betrieb und meldet, dass die Reinigung abgeschlossen ist.<\/li><li>Der Bediener schaltet die Zeitr\u00fcckstellungsfunktion ein, um mit dem n\u00e4chsten Reinigungsvorgang fortzufahren. Der gesamte Prozess erfordert kein manuelles Eingreifen bei den Zwischenschritten.<\/li><\/ul><p>Kernfunktionen<\/p><ol><li>Automatische Reinigung und Lufttrocknung: Automatisches Reinigen und Lufttrocknen des in der Reinigungskammer platzierten Siebs, um einen stabilen Reinigungseffekt zu gew\u00e4hrleisten.<\/li><li>Recycling von Reinigungsfl\u00fcssigkeit: Realisieren Sie das Recycling von Reinigungsfl\u00fcssigkeit, reduzieren Sie den Verbrauch und senken Sie die Kosten.<\/li><li>Abgasbehandlung: Die bei der Lufttrocknung entstehenden Abgase werden durch die eingebaute spezielle Abgasanlage device abgeleitet, um die Verfl\u00fcchtigung von Fl\u00fcssigkeiten, die Geruchsemission und den Druckluftverbrauch zu reduzieren.<\/li><li>Bequeme Wartung: Der austauschbare modulare Controller und das Schnellstecksystem machen die Wartung einfach und bequem.<\/li><\/ol>\t\t\t\t\t\t\t\t<\/div>\n\t\t\t\t<div class=\"elementor-element elementor-element-29eb0cd elementor-widget elementor-widget-heading\" data-id=\"29eb0cd\" data-element_type=\"widget\" data-e-type=\"widget\" data-settings=\"{&quot;ekit_we_effect_on&quot;:&quot;none&quot;}\" data-widget_type=\"heading.default\">\n\t\t\t\t\t<h4 class=\"elementor-heading-title elementor-size-default\">Struktur der Ausr\u00fcstung:<\/h4>\t\t\t\t<\/div>\n\t\t\t\t<div class=\"elementor-element elementor-element-2bc6ceb elementor-widget elementor-widget-heading\" data-id=\"2bc6ceb\" data-element_type=\"widget\" data-e-type=\"widget\" data-settings=\"{&quot;ekit_we_effect_on&quot;:&quot;none&quot;}\" data-widget_type=\"heading.default\">\n\t\t\t\t\t<h4 class=\"elementor-heading-title elementor-size-default\">1: 360\u00b0-Rundum-Reinigungsd\u00fcse<\/h4>\t\t\t\t<\/div>\n\t\t\t\t<div class=\"elementor-element elementor-element-8f693dd elementor-widget elementor-widget-image\" data-id=\"8f693dd\" data-element_type=\"widget\" data-e-type=\"widget\" data-settings=\"{&quot;ekit_we_effect_on&quot;:&quot;none&quot;}\" data-widget_type=\"image.default\">\n\t\t\t\t\t\t\t\t\t\t\t\t\t\t\t<img decoding=\"async\" src=\"https:\/\/dezsmt.com\/wp-content\/uploads\/elementor\/thumbs\/\u4e3b\u56fe14-scaled-r8qn1iwiz99awkwrovwn8c7ngqqb4awyflvnimf540.jpg\" title=\"\u4e3b\u56fe14\" alt=\"\u4e3b\u56fe14\" loading=\"lazy\" \/>\t\t\t\t\t\t\t\t\t\t\t\t\t\t\t<\/div>\n\t\t\t\t<div class=\"elementor-element elementor-element-810894f elementor-widget elementor-widget-text-editor\" data-id=\"810894f\" data-element_type=\"widget\" data-e-type=\"widget\" data-settings=\"{&quot;ekit_we_effect_on&quot;:&quot;none&quot;}\" data-widget_type=\"text-editor.default\">\n\t\t\t\t\t\t\t\t\t<p>Ausgestattet mit einer doppelseitig rotierenden isobaren 360-Grad-Reinigungsd\u00fcse mit hoher Dichte, ist die Hochdruckstrahlkraft stark und kann die restlichen Verunreinigungen auf dem Sieb vollst\u00e4ndig entfernen; der Reinigungsprozess besch\u00e4digt nicht die Spannung des Siebes und ber\u00fccksichtigt sowohl die Reinigungswirkung als auch den Schutz des Siebes.<\/p>\t\t\t\t\t\t\t\t<\/div>\n\t\t\t\t<div class=\"elementor-element elementor-element-f2852ad elementor-widget elementor-widget-heading\" data-id=\"f2852ad\" data-element_type=\"widget\" data-e-type=\"widget\" data-settings=\"{&quot;ekit_we_effect_on&quot;:&quot;none&quot;}\" data-widget_type=\"heading.default\">\n\t\t\t\t\t<h4 class=\"elementor-heading-title elementor-size-default\">2: Vollst\u00e4ndig aus Edelstahl gefertigtes Geh\u00e4use<\/h4>\t\t\t\t<\/div>\n\t\t\t\t<div class=\"elementor-element elementor-element-78f12f0 elementor-widget elementor-widget-image\" data-id=\"78f12f0\" data-element_type=\"widget\" data-e-type=\"widget\" data-settings=\"{&quot;ekit_we_effect_on&quot;:&quot;none&quot;}\" data-widget_type=\"image.default\">\n\t\t\t\t\t\t\t\t\t\t\t\t\t\t\t<img decoding=\"async\" src=\"https:\/\/dezsmt.com\/wp-content\/uploads\/elementor\/thumbs\/\u4e3b\u56fe12-scaled-r8qoeqqatymstjf3anseaf3j82575razj7lx57g1b4.jpg\" title=\"\u4e3b\u56fe12\" alt=\"\u4e3b\u56fe12\" loading=\"lazy\" \/>\t\t\t\t\t\t\t\t\t\t\t\t\t\t\t<\/div>\n\t\t\t\t<div class=\"elementor-element elementor-element-70a7a05 elementor-widget elementor-widget-text-editor\" data-id=\"70a7a05\" data-element_type=\"widget\" data-e-type=\"widget\" data-settings=\"{&quot;ekit_we_effect_on&quot;:&quot;none&quot;}\" data-widget_type=\"text-editor.default\">\n\t\t\t\t\t\t\t\t\t<p>Das Geh\u00e4use besteht aus hochwertigem Edelstahl, der nicht nur sch\u00f6n und sauber aussieht, sondern auch eine hohe Verschlei\u00dffestigkeit und Korrosionsbest\u00e4ndigkeit aufweist. Es kann lange Zeit in die Reinigungsfl\u00fcssigkeit eingetaucht werden und erf\u00fcllt die Umweltschutznormen und Hygieneanforderungen der Industrie.<\/p>\t\t\t\t\t\t\t\t<\/div>\n\t\t\t\t<div class=\"elementor-element elementor-element-580e779 elementor-widget elementor-widget-heading\" data-id=\"580e779\" data-element_type=\"widget\" data-e-type=\"widget\" data-settings=\"{&quot;ekit_we_effect_on&quot;:&quot;none&quot;}\" data-widget_type=\"heading.default\">\n\t\t\t\t\t<h4 class=\"elementor-heading-title elementor-size-default\">3: Spezielle Auspuffstruktur<\/h4>\t\t\t\t<\/div>\n\t\t\t\t<div class=\"elementor-element elementor-element-59323ee elementor-widget elementor-widget-text-editor\" data-id=\"59323ee\" data-element_type=\"widget\" data-e-type=\"widget\" data-settings=\"{&quot;ekit_we_effect_on&quot;:&quot;none&quot;}\" data-widget_type=\"text-editor.default\">\n\t\t\t\t\t\t\t\t\t<p>Das Ger\u00e4t ist mit einem speziell entwickelten Abgasrohr device ausgestattet. Bei der Ableitung des luftgetrockneten Abgases k\u00f6nnen einige fl\u00fcchtige Fl\u00fcssigkeitsmolek\u00fcle effektiv abgefangen und Fl\u00fcssigkeitsverluste reduziert werden; gleichzeitig verl\u00e4ngert das S-f\u00f6rmige Abgasrohr den Abgasabflussweg, reduziert die Diffusion von Fl\u00fcssigkeitsgeruch weiter und verbessert die Luftqualit\u00e4t der Betriebswerkstatt.<\/p>\t\t\t\t\t\t\t\t<\/div>\n\t\t\t\t<div class=\"elementor-element elementor-element-05bd869 elementor-widget elementor-widget-heading\" data-id=\"05bd869\" data-element_type=\"widget\" data-e-type=\"widget\" data-settings=\"{&quot;ekit_we_effect_on&quot;:&quot;none&quot;}\" data-widget_type=\"heading.default\">\n\t\t\t\t\t<h4 class=\"elementor-heading-title elementor-size-default\">4: Seitenwand-Lufteinlass und Lufttrocknungsdesign<\/h4>\t\t\t\t<\/div>\n\t\t\t\t<div class=\"elementor-element elementor-element-fdcdfed elementor-widget elementor-widget-text-editor\" data-id=\"fdcdfed\" data-element_type=\"widget\" data-e-type=\"widget\" data-settings=\"{&quot;ekit_we_effect_on&quot;:&quot;none&quot;}\" data-widget_type=\"text-editor.default\">\n\t\t\t\t\t\t\t\t\t<p>Durch den gerichteten Lufteinlass an der Seitenwand bildet die Druckluft einen gleichm\u00e4\u00dfigen Luftstrom im Reinigungsraum, beschleunigt die Verdunstung der Fl\u00fcssigkeit auf der Siebfl\u00e4che, verbessert die Lufttrocknungseffizienz und sorgt daf\u00fcr, dass das Sieb nach der Reinigung schnell den Trocknungsstandard erreicht, ohne die nachfolgende Produktion und Nutzung zu beeintr\u00e4chtigen.<\/p>\t\t\t\t\t\t\t\t<\/div>\n\t\t\t\t<\/div>\n\t\t<div id=\"e-n-tab-content-669966092\" role=\"tabpanel\" aria-labelledby=\"e-n-tab-title-669966092\" data-tab-index=\"2\" style=\"--n-tabs-title-order: 2;\" class=\"elementor-element elementor-element-b210d29 e-con-full e-flex e-con e-child\" data-id=\"b210d29\" data-element_type=\"container\" data-e-type=\"container\" data-settings=\"{&quot;ekit_has_onepagescroll_dot&quot;:&quot;yes&quot;}\">\n\t\t\t\t<div class=\"elementor-element elementor-element-b0b6b28 elementor-widget elementor-widget-text-editor\" data-id=\"b0b6b28\" data-element_type=\"widget\" data-e-type=\"widget\" data-settings=\"{&quot;ekit_we_effect_on&quot;:&quot;none&quot;}\" data-widget_type=\"text-editor.default\">\n\t\t\t\t\t\t\t\t\t<p>\n<table id=\"tablepress-49\" class=\"tablepress tablepress-id-49\">\n<thead>\n<tr class=\"row-1\">\n\t<th class=\"column-1\">Reinigung Gr\u00f6\u00dfe<\/th><th class=\"column-2\">750(L) \u00d7 750(B) \u00d7 40mm(H) \u3010 Kundenspezifische Gr\u00f6\u00dfe optional\u3011<\/th>\n<\/tr>\n<\/thead>\n<tbody class=\"row-striping row-hover\">\n<tr class=\"row-2\">\n\t<td class=\"column-1\">Maximale Tankkapazit\u00e4t<\/td><td class=\"column-2\">40L(Max)<\/td>\n<\/tr>\n<tr class=\"row-3\">\n\t<td class=\"column-1\">Optimale Fl\u00fcssigkeitsnutzung<\/td><td class=\"column-2\">30L<\/td>\n<\/tr>\n<tr class=\"row-4\">\n\t<td class=\"column-1\">Verfahren zur Reinigung<\/td><td class=\"column-2\">360\u00b0 drehbare doppelseitige isobare Spr\u00fchwalze Hochdruckspr\u00fchung (Spr\u00fchreinigung und Drucklufttrocknung)<\/td>\n<\/tr>\n<tr class=\"row-5\">\n\t<td class=\"column-1\">Reinigungszeit<\/td><td class=\"column-2\">2~4 Minuten (konventionelles Verfahren)<\/td>\n<\/tr>\n<tr class=\"row-6\">\n\t<td class=\"column-1\">Trocknungszeit<\/td><td class=\"column-2\">2 bis 5 Minuten (konventionelles Verfahren)<\/td>\n<\/tr>\n<tr class=\"row-7\">\n\t<td class=\"column-1\">Externe Luftquelle<\/td><td class=\"column-2\">0,45 \uff5e 0,6(Mpa)<\/td>\n<\/tr>\n<tr class=\"row-8\">\n\t<td class=\"column-1\">Pressluft<\/td><td class=\"column-2\">400\uff5e 600L\/Minuten<\/td>\n<\/tr>\n<tr class=\"row-9\">\n\t<td class=\"column-1\">Gr\u00f6\u00dfe der Auslass\u00f6ffnung<\/td><td class=\"column-2\">\u03a6125\u00d725mm(H)<\/td>\n<\/tr>\n<tr class=\"row-10\">\n\t<td class=\"column-1\">Filtersystem<\/td><td class=\"column-2\">Erste Stufe der Filterbox-Filtration: 1mm (filtert Verunreinigungen und Etiketten)<\/td>\n<\/tr>\n<tr class=\"row-11\">\n\t<td class=\"column-1\"><\/td><td class=\"column-2\">Sekund\u00e4rfiltration 5um, Filtration in der dritten Stufe des Filterelements: 1um (Verunreinigungen durch Mikropartikel)<\/td>\n<\/tr>\n<tr class=\"row-12\">\n\t<td class=\"column-1\">Nettogewicht der Maschine<\/td><td class=\"column-2\">~200Kg<\/td>\n<\/tr>\n<tr class=\"row-13\">\n\t<td class=\"column-1\">Gr\u00f6\u00dfe der Maschine<\/td><td class=\"column-2\">1000(L) \u00d7 710(B) \u00d7 1720mm(H)<\/td>\n<\/tr>\n<\/tbody>\n<\/table>\n<!-- #tablepress-49 from cache --><\/p>\t\t\t\t\t\t\t\t<\/div>\n\t\t\t\t<\/div>\n\t\t<div id=\"e-n-tab-content-669966093\" role=\"tabpanel\" aria-labelledby=\"e-n-tab-title-669966093\" data-tab-index=\"3\" style=\"--n-tabs-title-order: 3;\" class=\"elementor-element elementor-element-03c38e2 e-flex e-con-boxed e-con e-child\" data-id=\"03c38e2\" data-element_type=\"container\" data-e-type=\"container\" data-settings=\"{&quot;ekit_has_onepagescroll_dot&quot;:&quot;yes&quot;}\">\n\t\t\t\t\t<div class=\"e-con-inner\">\n\t\t\t\t<div class=\"elementor-element elementor-element-c31e93a elementor-widget elementor-widget-video\" data-id=\"c31e93a\" data-element_type=\"widget\" data-e-type=\"widget\" data-settings=\"{&quot;youtube_url&quot;:&quot;https:\\\/\\\/www.youtube.com\\\/watch?v=johqZGIG2c4&quot;,&quot;video_type&quot;:&quot;youtube&quot;,&quot;controls&quot;:&quot;yes&quot;,&quot;ekit_we_effect_on&quot;:&quot;none&quot;}\" data-widget_type=\"video.default\">\n\t\t\t\t\t\t\t<div class=\"elementor-wrapper elementor-open-inline\">\n\t\t\t<div class=\"elementor-video\"><\/div>\t\t<\/div>\n\t\t\t\t\t\t<\/div>\n\t\t\t\t\t<\/div>\n\t\t\t\t<\/div>\n\t\t\t\t\t<\/div>\n\t\t<\/div>\n\t\t\t\t\t\t<\/div>\n\t\t\t\t\t<\/div>\n\t\t\t\t<\/div>\n\t\t\t\t<\/div>","protected":false},"excerpt":{"rendered":"<p>Die pneumatische Schablonenreinigungsmaschine DEZ-C730 ist eine leistungsstarke, vollpneumatische, druckluftbetriebene Reinigungsanlage. Sie ist speziell f\u00fcr die Reinigung von SMT-Schablonen, Kupferschablonen, Siebdruckschablonen, Gummischablonen und anderen Sieben konzipiert.<\/p>","protected":false},"featured_media":19370,"template":"","meta":{"_lmt_disableupdate":"no","_lmt_disable":"","site-sidebar-layout":"default","site-content-layout":"","ast-site-content-layout":"default","site-content-style":"default","site-sidebar-style":"default","ast-global-header-display":"","ast-banner-title-visibility":"","ast-main-header-display":"","ast-hfb-above-header-display":"","ast-hfb-below-header-display":"","ast-hfb-mobile-header-display":"","site-post-title":"","ast-breadcrumbs-content":"","ast-featured-img":"","footer-sml-layout":"","ast-disable-related-posts":"","theme-transparent-header-meta":"default","adv-header-id-meta":"","stick-header-meta":"default","header-above-stick-meta":"","header-main-stick-meta":"","header-below-stick-meta":"","astra-migrate-meta-layouts":"set","ast-page-background-enabled":"default","ast-page-background-meta":{"desktop":{"background-color":"","background-image":"","background-repeat":"repeat","background-position":"center center","background-size":"auto","background-attachment":"scroll","background-type":"","background-media":"","overlay-type":"","overlay-color":"","overlay-opacity":"","overlay-gradient":""},"tablet":{"background-color":"","background-image":"","background-repeat":"repeat","background-position":"center center","background-size":"auto","background-attachment":"scroll","background-type":"","background-media":"","overlay-type":"","overlay-color":"","overlay-opacity":"","overlay-gradient":""},"mobile":{"background-color":"","background-image":"","background-repeat":"repeat","background-position":"center center","background-size":"auto","background-attachment":"scroll","background-type":"","background-media":"","overlay-type":"","overlay-color":"","overlay-opacity":"","overlay-gradient":""}},"ast-content-background-meta":{"desktop":{"background-color":"var(--ast-global-color-5)","background-image":"","background-repeat":"repeat","background-position":"center center","background-size":"auto","background-attachment":"scroll","background-type":"","background-media":"","overlay-type":"","overlay-color":"","overlay-opacity":"","overlay-gradient":""},"tablet":{"background-color":"var(--ast-global-color-5)","background-image":"","background-repeat":"repeat","background-position":"center center","background-size":"auto","background-attachment":"scroll","background-type":"","background-media":"","overlay-type":"","overlay-color":"","overlay-opacity":"","overlay-gradient":""},"mobile":{"background-color":"var(--ast-global-color-5)","background-image":"","background-repeat":"repeat","background-position":"center center","background-size":"auto","background-attachment":"scroll","background-type":"","background-media":"","overlay-type":"","overlay-color":"","overlay-opacity":"","overlay-gradient":""}}},"product_brand":[],"product_cat":[102],"product_tag":[],"class_list":{"0":"post-17797","1":"product","2":"type-product","3":"status-publish","4":"has-post-thumbnail","6":"product_cat-stencil-cleaning-machine","7":"desktop-align-left","8":"tablet-align-left","9":"mobile-align-left","10":"ast-product-gallery-layout-horizontal-slider","11":"ast-product-tabs-layout-horizontal","13":"first","14":"instock","15":"shipping-taxable","16":"purchasable","17":"product-type-simple"},"_links":{"self":[{"href":"https:\/\/dezsmt.com\/de\/wp-json\/wp\/v2\/product\/17797","targetHints":{"allow":["GET"]}}],"collection":[{"href":"https:\/\/dezsmt.com\/de\/wp-json\/wp\/v2\/product"}],"about":[{"href":"https:\/\/dezsmt.com\/de\/wp-json\/wp\/v2\/types\/product"}],"version-history":[{"count":11,"href":"https:\/\/dezsmt.com\/de\/wp-json\/wp\/v2\/product\/17797\/revisions"}],"predecessor-version":[{"id":19374,"href":"https:\/\/dezsmt.com\/de\/wp-json\/wp\/v2\/product\/17797\/revisions\/19374"}],"wp:featuredmedia":[{"embeddable":true,"href":"https:\/\/dezsmt.com\/de\/wp-json\/wp\/v2\/media\/19370"}],"wp:attachment":[{"href":"https:\/\/dezsmt.com\/de\/wp-json\/wp\/v2\/media?parent=17797"}],"wp:term":[{"taxonomy":"product_brand","embeddable":true,"href":"https:\/\/dezsmt.com\/de\/wp-json\/wp\/v2\/product_brand?post=17797"},{"taxonomy":"product_cat","embeddable":true,"href":"https:\/\/dezsmt.com\/de\/wp-json\/wp\/v2\/product_cat?post=17797"},{"taxonomy":"product_tag","embeddable":true,"href":"https:\/\/dezsmt.com\/de\/wp-json\/wp\/v2\/product_tag?post=17797"}],"curies":[{"name":"wp","href":"https:\/\/api.w.org\/{rel}","templated":true}]}}