{"id":17795,"date":"2025-05-05T14:46:57","date_gmt":"2025-05-05T06:46:57","guid":{"rendered":"https:\/\/dezsmt.com\/product-center\/dez-c780-pneumatic-stencil-cleaning-machine\/"},"modified":"2025-12-04T17:27:16","modified_gmt":"2025-12-04T09:27:16","slug":"dez-c780-pneumatic-stencil-cleaning-machine","status":"publish","type":"product","link":"https:\/\/dezsmt.com\/de\/product-center\/dez-c780-pneumatic-stencil-cleaning-machine\/","title":{"rendered":"DEZ-C780 Pneumatische Schablonenreinigungsmaschine"},"content":{"rendered":"<div data-elementor-type=\"product-post\" data-elementor-id=\"17795\" class=\"elementor elementor-17795\" data-elementor-post-type=\"product\">\n\t\t\t\t<div class=\"elementor-element elementor-element-423d2db8 e-flex e-con-boxed e-con e-parent\" data-id=\"423d2db8\" data-element_type=\"container\" data-e-type=\"container\" data-settings=\"{&quot;ekit_has_onepagescroll_dot&quot;:&quot;yes&quot;}\">\n\t\t\t\t\t<div class=\"e-con-inner\">\n\t\t\t\t<div class=\"elementor-element elementor-element-8b658b0 e-n-tabs-mobile elementor-widget elementor-widget-n-tabs\" data-id=\"8b658b0\" data-element_type=\"widget\" data-e-type=\"widget\" data-settings=\"{&quot;tabs_justify_horizontal&quot;:&quot;stretch&quot;,&quot;horizontal_scroll&quot;:&quot;disable&quot;,&quot;ekit_we_effect_on&quot;:&quot;none&quot;}\" data-widget_type=\"nested-tabs.default\">\n\t\t\t\t\t\t\t<div class=\"e-n-tabs\" data-widget-number=\"146167984\" aria-label=\"Registerkarten. \u00d6ffnen Sie Elemente mit Enter oder Space, schlie\u00dfen Sie sie mit Escape und navigieren Sie mit den Pfeiltasten.\">\n\t\t\t<div class=\"e-n-tabs-heading\" role=\"tablist\">\n\t\t\t\t\t<button id=\"e-n-tab-title-1461679841\" data-tab-title-id=\"e-n-tab-title-1461679841\" class=\"e-n-tab-title\" aria-selected=\"true\" data-tab-index=\"1\" role=\"tab\" tabindex=\"0\" aria-controls=\"e-n-tab-content-1461679841\" style=\"--n-tabs-title-order: 1;\">\n\t\t\t\t\t\t<span class=\"e-n-tab-title-text\">\n\t\t\t\tAusgew\u00e4hlte Specs\t\t\t<\/span>\n\t\t<\/button>\n\t\t\t\t<button id=\"e-n-tab-title-1461679842\" data-tab-title-id=\"e-n-tab-title-1461679842\" class=\"e-n-tab-title\" aria-selected=\"false\" data-tab-index=\"2\" role=\"tab\" tabindex=\"-1\" aria-controls=\"e-n-tab-content-1461679842\" style=\"--n-tabs-title-order: 2;\">\n\t\t\t\t\t\t<span class=\"e-n-tab-title-text\">\n\t\t\t\tVideo\t\t\t<\/span>\n\t\t<\/button>\n\t\t\t\t\t<\/div>\n\t\t\t<div class=\"e-n-tabs-content\">\n\t\t\t\t<div id=\"e-n-tab-content-1461679841\" role=\"tabpanel\" aria-labelledby=\"e-n-tab-title-1461679841\" data-tab-index=\"1\" style=\"--n-tabs-title-order: 1;\" class=\"e-active elementor-element elementor-element-fbabe78 e-con-full e-flex e-con e-child\" data-id=\"fbabe78\" data-element_type=\"container\" data-e-type=\"container\" data-settings=\"{&quot;ekit_has_onepagescroll_dot&quot;:&quot;yes&quot;}\">\n\t\t\t\t<div class=\"elementor-element elementor-element-66bdad8a elementor-widget elementor-widget-text-editor\" data-id=\"66bdad8a\" data-element_type=\"widget\" data-e-type=\"widget\" data-settings=\"{&quot;ekit_we_effect_on&quot;:&quot;none&quot;}\" data-widget_type=\"text-editor.default\">\n\t\t\t\t\t\t\t\t\t<p><strong>Wesentliche Merkmale<\/strong>:<br \/>Vollst\u00e4ndig pneumatischer Betrieb ohne Stromanschluss, was die Sicherheit gew\u00e4hrleistet.<br \/>Seitenwand-Lufteinlass und Trocknungsdesign f\u00fcr effizienten Betrieb.<br \/>Humanisiertes Design mit One-Touch-Bedienung und automatischen F\u00fcll- und Entleerungsfunktionen.<br \/>Auswechselbare modulare Steuerung und Schnellsteckerdesign f\u00fcr einfache Wartung.<br \/>Dreistufiges Filtersystem f\u00fcr L\u00f6sungsmittelrecycling und geringen Fl\u00fcssigkeitsverbrauch.<br \/>Isobare, doppelseitige, rotierende Reinigungsd\u00fcse mit hoher Dichte f\u00fcr starke Reinigungskraft.<br \/>Systemintegration globaler, hochwertiger Steuerungskomponenten f\u00fcr stabile Leistung.<br \/>Vollst\u00e4ndig aus Edelstahl gefertigtes Geh\u00e4use f\u00fcr Langlebigkeit und Umweltvertr\u00e4glichkeit.<\/p><p><strong>Technisches Datenblatt<\/strong>:<br \/>- Schablone Gr\u00f6\u00dfe:<br \/>- Maximum: 750mm(L) * 750mm(B) * 40mm(H)<br \/>- Sondergr\u00f6\u00dfen m\u00fcssen angepasst werden<br \/>- Kapazit\u00e4t der Reinigungsfl\u00fcssigkeit:<br \/>- Maximal: 40L*2<br \/>- Optimale Nutzung: 30L<br \/>- Reinigungsmethode:<br \/>- 360\u00a1\u00e3 rotierende doppelseitige Gleichdruck-Strahlwalze Hochdruckstrahlen (Reinigung \u00a1\u00fa Trocknung)<br \/>- Zeit:<br \/>- Reinigungszeit: 2-4 Minuten (konventionelles Verfahren)<br \/>- F\u00f6hnzeit: 2-8 Minuten (konventionelles Verfahren)<br \/>- Luftquelle:<br \/>- Externe Luftquelle: 0,5Mpa bis 0,6Mpa<br \/>- Filtrierung:<br \/>- Dreistufige Filtration<br \/>- Ebene 1: 10\u03bcm (filtert Verunreinigungen und Etiketten)<br \/>- Stufe 2: 5\u03bcm (Tintenverunreinigungen, Silberpaste)<br \/>- Stufe 3: 1\u03bcm (filtert kleinste Partikel)<br \/>- Auslass\u00f6ffnung:<br \/>- Gr\u00f6\u00dfe: \u00a6\u00b5125(B) * 25mm(H)2<br \/>- Gewicht der Maschine:<br \/>- Nettogewicht: Ungef\u00e4hr 500kg<br \/>- Gr\u00f6\u00dfe der Maschine:<br \/>- Abmessungen: 1480mm(L) * 1050mm(B) * 1730mm(H)<br \/>- Pressluft:<br \/>- Verbrauch: 400-600L\/Min2<\/p>\t\t\t\t\t\t\t\t<\/div>\n\t\t\t\t<\/div>\n\t\t<div id=\"e-n-tab-content-1461679842\" role=\"tabpanel\" aria-labelledby=\"e-n-tab-title-1461679842\" data-tab-index=\"2\" style=\"--n-tabs-title-order: 2;\" class=\"elementor-element elementor-element-ffbe609 e-con-full e-flex e-con e-child\" data-id=\"ffbe609\" data-element_type=\"container\" data-e-type=\"container\" data-settings=\"{&quot;ekit_has_onepagescroll_dot&quot;:&quot;yes&quot;}\">\n\t\t\t\t<div class=\"elementor-element elementor-element-5e1389d elementor-widget elementor-widget-video\" data-id=\"5e1389d\" data-element_type=\"widget\" data-e-type=\"widget\" data-settings=\"{&quot;youtube_url&quot;:&quot;https:\\\/\\\/www.youtube.com\\\/watch?v=WaNCJ-UYnao&quot;,&quot;video_type&quot;:&quot;youtube&quot;,&quot;controls&quot;:&quot;yes&quot;,&quot;ekit_we_effect_on&quot;:&quot;none&quot;}\" data-widget_type=\"video.default\">\n\t\t\t\t\t\t\t<div class=\"elementor-wrapper elementor-open-inline\">\n\t\t\t<div class=\"elementor-video\"><\/div>\t\t<\/div>\n\t\t\t\t\t\t<\/div>\n\t\t\t\t<\/div>\n\t\t\t\t\t<\/div>\n\t\t<\/div>\n\t\t\t\t\t\t<\/div>\n\t\t\t\t\t<\/div>\n\t\t\t\t<\/div>\n\t\t\t\t<\/div>","protected":false},"excerpt":{"rendered":"<p>Die DEZ-C780 ist eine vollpneumatische Doppelschlitz-Stahlgewebereinigungsmaschine, die f\u00fcr die Reinigung verschiedener Gewebetypen entwickelt wurde. Sie bietet eine effiziente Reinigung und Trocknung und sorgt so f\u00fcr gleichbleibende Ergebnisse und verbesserte Produktivit\u00e4t.<\/p>","protected":false},"featured_media":19372,"template":"","meta":{"_lmt_disableupdate":"no","_lmt_disable":"","site-sidebar-layout":"default","site-content-layout":"","ast-site-content-layout":"default","site-content-style":"default","site-sidebar-style":"default","ast-global-header-display":"","ast-banner-title-visibility":"","ast-main-header-display":"","ast-hfb-above-header-display":"","ast-hfb-below-header-display":"","ast-hfb-mobile-header-display":"","site-post-title":"","ast-breadcrumbs-content":"","ast-featured-img":"","footer-sml-layout":"","ast-disable-related-posts":"","theme-transparent-header-meta":"default","adv-header-id-meta":"","stick-header-meta":"default","header-above-stick-meta":"","header-main-stick-meta":"","header-below-stick-meta":"","astra-migrate-meta-layouts":"set","ast-page-background-enabled":"default","ast-page-background-meta":{"desktop":{"background-color":"","background-image":"","background-repeat":"repeat","background-position":"center center","background-size":"auto","background-attachment":"scroll","background-type":"","background-media":"","overlay-type":"","overlay-color":"","overlay-opacity":"","overlay-gradient":""},"tablet":{"background-color":"","background-image":"","background-repeat":"repeat","background-position":"center center","background-size":"auto","background-attachment":"scroll","background-type":"","background-media":"","overlay-type":"","overlay-color":"","overlay-opacity":"","overlay-gradient":""},"mobile":{"background-color":"","background-image":"","background-repeat":"repeat","background-position":"center center","background-size":"auto","background-attachment":"scroll","background-type":"","background-media":"","overlay-type":"","overlay-color":"","overlay-opacity":"","overlay-gradient":""}},"ast-content-background-meta":{"desktop":{"background-color":"var(--ast-global-color-5)","background-image":"","background-repeat":"repeat","background-position":"center center","background-size":"auto","background-attachment":"scroll","background-type":"","background-media":"","overlay-type":"","overlay-color":"","overlay-opacity":"","overlay-gradient":""},"tablet":{"background-color":"var(--ast-global-color-5)","background-image":"","background-repeat":"repeat","background-position":"center center","background-size":"auto","background-attachment":"scroll","background-type":"","background-media":"","overlay-type":"","overlay-color":"","overlay-opacity":"","overlay-gradient":""},"mobile":{"background-color":"var(--ast-global-color-5)","background-image":"","background-repeat":"repeat","background-position":"center center","background-size":"auto","background-attachment":"scroll","background-type":"","background-media":"","overlay-type":"","overlay-color":"","overlay-opacity":"","overlay-gradient":""}}},"product_brand":[],"product_cat":[102],"product_tag":[],"class_list":{"0":"post-17795","1":"product","2":"type-product","3":"status-publish","4":"has-post-thumbnail","6":"product_cat-stencil-cleaning-machine","7":"desktop-align-left","8":"tablet-align-left","9":"mobile-align-left","10":"ast-product-gallery-layout-horizontal-slider","11":"ast-product-gallery-with-no-image","12":"ast-product-tabs-layout-horizontal","14":"first","15":"instock","16":"shipping-taxable","17":"purchasable","18":"product-type-simple"},"_links":{"self":[{"href":"https:\/\/dezsmt.com\/de\/wp-json\/wp\/v2\/product\/17795","targetHints":{"allow":["GET"]}}],"collection":[{"href":"https:\/\/dezsmt.com\/de\/wp-json\/wp\/v2\/product"}],"about":[{"href":"https:\/\/dezsmt.com\/de\/wp-json\/wp\/v2\/types\/product"}],"version-history":[{"count":1,"href":"https:\/\/dezsmt.com\/de\/wp-json\/wp\/v2\/product\/17795\/revisions"}],"predecessor-version":[{"id":19373,"href":"https:\/\/dezsmt.com\/de\/wp-json\/wp\/v2\/product\/17795\/revisions\/19373"}],"wp:featuredmedia":[{"embeddable":true,"href":"https:\/\/dezsmt.com\/de\/wp-json\/wp\/v2\/media\/19372"}],"wp:attachment":[{"href":"https:\/\/dezsmt.com\/de\/wp-json\/wp\/v2\/media?parent=17795"}],"wp:term":[{"taxonomy":"product_brand","embeddable":true,"href":"https:\/\/dezsmt.com\/de\/wp-json\/wp\/v2\/product_brand?post=17795"},{"taxonomy":"product_cat","embeddable":true,"href":"https:\/\/dezsmt.com\/de\/wp-json\/wp\/v2\/product_cat?post=17795"},{"taxonomy":"product_tag","embeddable":true,"href":"https:\/\/dezsmt.com\/de\/wp-json\/wp\/v2\/product_tag?post=17795"}],"curies":[{"name":"wp","href":"https:\/\/api.w.org\/{rel}","templated":true}]}}