{"id":17792,"date":"2025-05-05T14:46:55","date_gmt":"2025-05-05T06:46:55","guid":{"rendered":"https:\/\/dezsmt.com\/product-center\/dez-c700-automatic-nozzle-cleaning-machine\/"},"modified":"2025-05-12T19:08:11","modified_gmt":"2025-05-12T11:08:11","slug":"dez-c700-automatic-nozzle-cleaning-machine","status":"publish","type":"product","link":"https:\/\/dezsmt.com\/de\/product-center\/dez-c700-automatic-nozzle-cleaning-machine\/","title":{"rendered":"DEZ-C700 Automatische D\u00fcsenreinigungsmaschine"},"content":{"rendered":"<div data-elementor-type=\"product-post\" data-elementor-id=\"17792\" class=\"elementor elementor-17792\" data-elementor-post-type=\"product\">\n\t\t\t\t<div class=\"elementor-element elementor-element-6868483d e-flex e-con-boxed e-con e-parent\" data-id=\"6868483d\" data-element_type=\"container\" data-settings=\"{&quot;ekit_has_onepagescroll_dot&quot;:&quot;yes&quot;}\">\n\t\t\t\t\t<div class=\"e-con-inner\">\n\t\t\t\t<div class=\"elementor-element elementor-element-5b5fdb7 e-n-tabs-mobile elementor-widget elementor-widget-n-tabs\" data-id=\"5b5fdb7\" data-element_type=\"widget\" data-settings=\"{&quot;tabs_justify_horizontal&quot;:&quot;stretch&quot;,&quot;horizontal_scroll&quot;:&quot;disable&quot;,&quot;ekit_we_effect_on&quot;:&quot;none&quot;}\" data-widget_type=\"nested-tabs.default\">\n\t\t\t\t\t\t\t<div class=\"e-n-tabs\" data-widget-number=\"95813047\" aria-label=\"Registerkarten. \u00d6ffnen Sie Elemente mit Enter oder Space, schlie\u00dfen Sie sie mit Escape und navigieren Sie mit den Pfeiltasten.\">\n\t\t\t<div class=\"e-n-tabs-heading\" role=\"tablist\">\n\t\t\t\t\t<button id=\"e-n-tab-title-958130471\" data-tab-title-id=\"e-n-tab-title-958130471\" class=\"e-n-tab-title\" aria-selected=\"true\" data-tab-index=\"1\" role=\"tab\" tabindex=\"0\" aria-controls=\"e-n-tab-content-958130471\" style=\"--n-tabs-title-order: 1;\">\n\t\t\t\t\t\t<span class=\"e-n-tab-title-text\">\n\t\t\t\tAusgew\u00e4hlte Specs\t\t\t<\/span>\n\t\t<\/button>\n\t\t\t\t<button id=\"e-n-tab-title-958130472\" data-tab-title-id=\"e-n-tab-title-958130472\" class=\"e-n-tab-title\" aria-selected=\"false\" data-tab-index=\"2\" role=\"tab\" tabindex=\"-1\" aria-controls=\"e-n-tab-content-958130472\" style=\"--n-tabs-title-order: 2;\">\n\t\t\t\t\t\t<span class=\"e-n-tab-title-text\">\n\t\t\t\tVideo\t\t\t<\/span>\n\t\t<\/button>\n\t\t\t\t\t<\/div>\n\t\t\t<div class=\"e-n-tabs-content\">\n\t\t\t\t<div id=\"e-n-tab-content-958130471\" role=\"tabpanel\" aria-labelledby=\"e-n-tab-title-958130471\" data-tab-index=\"1\" style=\"--n-tabs-title-order: 1;\" class=\"e-active elementor-element elementor-element-7decb27 e-con-full e-flex e-con e-child\" data-id=\"7decb27\" data-element_type=\"container\" data-settings=\"{&quot;ekit_has_onepagescroll_dot&quot;:&quot;yes&quot;}\">\n\t\t\t\t<div class=\"elementor-element elementor-element-65eb963 elementor-widget elementor-widget-text-editor\" data-id=\"65eb963\" data-element_type=\"widget\" data-settings=\"{&quot;ekit_we_effect_on&quot;:&quot;none&quot;}\" data-widget_type=\"text-editor.default\">\n\t\t\t\t\t\t\t\t\t<p><strong>Wesentliche Merkmale<\/strong>:<br \/>Das schlanke Design sorgt f\u00fcr \u00c4sthetik und Benutzerfreundlichkeit.<br \/>Verwendet drei D\u00fcsen, um 30 D\u00fcsen nacheinander zu reinigen, was die Effizienz erh\u00f6ht.<br \/>Vollst\u00e4ndiges Sichtfenster f\u00fcr einfache Wartung und Bedienung.<br \/>Alle mit Wasser in Ber\u00fchrung kommenden Teile sind aus 304er Edelstahl gefertigt und daher besonders langlebig.<br \/>Humanisiertes Design mit Start und Stopp auf Knopfdruck.<br \/>Touchscreen + PLC-Steuerung f\u00fcr stabile Leistung.<br \/>Ausgestattet mit Fehlbedienungsalarm, Notbremse und \u00dcberlastungsschutz.<br \/>Zentralisierte Abfallsammlung f\u00fcr einfachere Wartung.<\/p><p><strong>Technisches Datenblatt<\/strong>:<br \/>- Abmessungen:<br \/>- Gr\u00f6\u00dfe (LWH): 520mm * 450mm * 620mm<br \/>- Leistungsanforderungen:<br \/>- Stromversorgung: 220VAC 50\/60Hz<br \/>- Leistung: 250W<br \/>- Gesamtleistung: 200W<br \/>- Luftdruck: 0,5 - 0,6MPa<br \/>- Leistung:<br \/>- Gewicht: Ungef\u00e4hr 40KG<br \/>- Luftquelle: Reine Druckluft<br \/>- Einspritzdruck: 0,4 MPa<br \/>- Luftverbrauch: Weniger als 280NL\/min<br \/>- Fl\u00fcssigkeitstyp: Industrielles gereinigtes Wasser<br \/>- Fl\u00fcssigkeitsverbrauch: 300cc\/Stunde<br \/>- Fassungsverm\u00f6gen der Fl\u00fcssigkeit: 800cc<br \/>- Verbindungen:<br \/>- Einlassrohr: \u00a1\u00e98<br \/>- Abflussrohr: \u00a1\u00e96<br \/>- D\u00fcsenspezifikationen:<br \/>- D\u00fcsentablett: Standardm\u00e4\u00dfig eine Reihe mit 3 D\u00fcsen, 10 Reihen mit 30 D\u00fcsen<br \/>- Gr\u00f6\u00dfen der Reinigungsd\u00fcsen: 0402, 0201, 01005, 03015<\/p>\t\t\t\t\t\t\t\t<\/div>\n\t\t\t\t<\/div>\n\t\t<div id=\"e-n-tab-content-958130472\" role=\"tabpanel\" aria-labelledby=\"e-n-tab-title-958130472\" data-tab-index=\"2\" style=\"--n-tabs-title-order: 2;\" class=\"elementor-element elementor-element-f2d2cdc e-con-full e-flex e-con e-child\" data-id=\"f2d2cdc\" data-element_type=\"container\" data-settings=\"{&quot;ekit_has_onepagescroll_dot&quot;:&quot;yes&quot;}\">\n\t\t\t\t<div class=\"elementor-element elementor-element-8a614c2 elementor-widget elementor-widget-video\" data-id=\"8a614c2\" data-element_type=\"widget\" data-settings=\"{&quot;youtube_url&quot;:&quot;https:\\\/\\\/www.youtube.com\\\/watch?v=WaNCJ-UYnao&quot;,&quot;video_type&quot;:&quot;youtube&quot;,&quot;controls&quot;:&quot;yes&quot;,&quot;ekit_we_effect_on&quot;:&quot;none&quot;}\" data-widget_type=\"video.default\">\n\t\t\t\t\t\t\t<div class=\"elementor-wrapper elementor-open-inline\">\n\t\t\t<div class=\"elementor-video\"><\/div>\t\t<\/div>\n\t\t\t\t\t\t<\/div>\n\t\t\t\t<\/div>\n\t\t\t\t\t<\/div>\n\t\t<\/div>\n\t\t\t\t\t\t<\/div>\n\t\t\t\t\t<\/div>\n\t\t\t\t<\/div>\n\t\t\t\t<\/div>","protected":false},"excerpt":{"rendered":"<p>Die DEZ-C700 ist eine effiziente und energiesparende automatische D\u00fcsenreinigungsmaschine, die 30 D\u00fcsen nacheinander reinigen kann. Sie bietet eine hohe Effizienz, eine einfache Wartung und eine rostfreie Konstruktion, was sie ideal f\u00fcr SMT-Produktionslinien macht.<\/p>","protected":false},"featured_media":17842,"template":"","meta":{"_lmt_disableupdate":"no","_lmt_disable":"","site-sidebar-layout":"default","site-content-layout":"","ast-site-content-layout":"default","site-content-style":"default","site-sidebar-style":"default","ast-global-header-display":"","ast-banner-title-visibility":"","ast-main-header-display":"","ast-hfb-above-header-display":"","ast-hfb-below-header-display":"","ast-hfb-mobile-header-display":"","site-post-title":"","ast-breadcrumbs-content":"","ast-featured-img":"","footer-sml-layout":"","ast-disable-related-posts":"","theme-transparent-header-meta":"default","adv-header-id-meta":"","stick-header-meta":"default","header-above-stick-meta":"","header-main-stick-meta":"","header-below-stick-meta":"","astra-migrate-meta-layouts":"set","ast-page-background-enabled":"default","ast-page-background-meta":{"desktop":{"background-color":"","background-image":"","background-repeat":"repeat","background-position":"center center","background-size":"auto","background-attachment":"scroll","background-type":"","background-media":"","overlay-type":"","overlay-color":"","overlay-opacity":"","overlay-gradient":""},"tablet":{"background-color":"","background-image":"","background-repeat":"repeat","background-position":"center center","background-size":"auto","background-attachment":"scroll","background-type":"","background-media":"","overlay-type":"","overlay-color":"","overlay-opacity":"","overlay-gradient":""},"mobile":{"background-color":"","background-image":"","background-repeat":"repeat","background-position":"center center","background-size":"auto","background-attachment":"scroll","background-type":"","background-media":"","overlay-type":"","overlay-color":"","overlay-opacity":"","overlay-gradient":""}},"ast-content-background-meta":{"desktop":{"background-color":"var(--ast-global-color-5)","background-image":"","background-repeat":"repeat","background-position":"center center","background-size":"auto","background-attachment":"scroll","background-type":"","background-media":"","overlay-type":"","overlay-color":"","overlay-opacity":"","overlay-gradient":""},"tablet":{"background-color":"var(--ast-global-color-5)","background-image":"","background-repeat":"repeat","background-position":"center center","background-size":"auto","background-attachment":"scroll","background-type":"","background-media":"","overlay-type":"","overlay-color":"","overlay-opacity":"","overlay-gradient":""},"mobile":{"background-color":"var(--ast-global-color-5)","background-image":"","background-repeat":"repeat","background-position":"center center","background-size":"auto","background-attachment":"scroll","background-type":"","background-media":"","overlay-type":"","overlay-color":"","overlay-opacity":"","overlay-gradient":""}}},"product_brand":[],"product_cat":[103],"product_tag":[],"class_list":{"0":"post-17792","1":"product","2":"type-product","3":"status-publish","4":"has-post-thumbnail","6":"product_cat-nozzle-cleaning-machine","7":"desktop-align-left","8":"tablet-align-left","9":"mobile-align-left","10":"ast-product-gallery-layout-horizontal-slider","11":"ast-product-gallery-with-no-image","12":"ast-product-tabs-layout-horizontal","14":"first","15":"instock","16":"shipping-taxable","17":"purchasable","18":"product-type-simple"},"_links":{"self":[{"href":"https:\/\/dezsmt.com\/de\/wp-json\/wp\/v2\/product\/17792","targetHints":{"allow":["GET"]}}],"collection":[{"href":"https:\/\/dezsmt.com\/de\/wp-json\/wp\/v2\/product"}],"about":[{"href":"https:\/\/dezsmt.com\/de\/wp-json\/wp\/v2\/types\/product"}],"version-history":[{"count":0,"href":"https:\/\/dezsmt.com\/de\/wp-json\/wp\/v2\/product\/17792\/revisions"}],"wp:featuredmedia":[{"embeddable":true,"href":"https:\/\/dezsmt.com\/de\/wp-json\/wp\/v2\/media\/17842"}],"wp:attachment":[{"href":"https:\/\/dezsmt.com\/de\/wp-json\/wp\/v2\/media?parent=17792"}],"wp:term":[{"taxonomy":"product_brand","embeddable":true,"href":"https:\/\/dezsmt.com\/de\/wp-json\/wp\/v2\/product_brand?post=17792"},{"taxonomy":"product_cat","embeddable":true,"href":"https:\/\/dezsmt.com\/de\/wp-json\/wp\/v2\/product_cat?post=17792"},{"taxonomy":"product_tag","embeddable":true,"href":"https:\/\/dezsmt.com\/de\/wp-json\/wp\/v2\/product_tag?post=17792"}],"curies":[{"name":"wp","href":"https:\/\/api.w.org\/{rel}","templated":true}]}}